{"id":3124,"date":"2018-07-05T01:04:27","date_gmt":"2018-07-05T01:04:27","guid":{"rendered":"https:\/\/themesgavias.com\/wp\/vizeon\/?page_id=3124"},"modified":"2018-07-05T01:04:27","modified_gmt":"2018-07-05T01:04:27","slug":"our-causes","status":"publish","type":"page","link":"https:\/\/abrilseguros.com\/newsite\/our-causes\/","title":{"rendered":"Our Services"},"content":{"rendered":"\t\t<div data-elementor-type=\"wp-post\" data-elementor-id=\"3124\" class=\"elementor elementor-3124\" data-elementor-settings=\"[]\">\n\t\t\t\t\t\t<div class=\"elementor-inner\">\n\t\t\t\t\t\t\t<div class=\"elementor-section-wrap\">\n\t\t\t\t\t\t\t<section class=\"elementor-section elementor-top-section elementor-element elementor-element-1c672db elementor-section-boxed elementor-section-height-default elementor-section-height-default\" data-id=\"1c672db\" data-element_type=\"section\">\n\t\t\t\t\t\t<div class=\"elementor-container elementor-column-gap-default\">\n\t\t\t\t\t\t\t<div class=\"elementor-row\">\n\t\t\t\t\t<div class=\"elementor-column elementor-col-100 elementor-top-column elementor-element elementor-element-0165fe9\" data-id=\"0165fe9\" data-element_type=\"column\">\n\t\t\t<div class=\"elementor-column-wrap elementor-element-populated\">\n\t\t\t\t\t\t\t<div class=\"elementor-widget-wrap\">\n\t\t\t\t\t\t<div class=\"elementor-element elementor-element-3148cca elementor-widget elementor-widget-gva-services\" data-id=\"3148cca\" data-element_type=\"widget\" data-widget_type=\"gva-services.default\">\n\t\t\t\t<div class=\"elementor-widget-container\">\n\t\t\t<div class=\"gva-element-gva-services gva-element\">  \r\n  <div class=\"gva-services-grid clearfix gva-services\">\r\n      <div class=\"gva-content-items\"> \r\n        <div class=\"lg-block-grid-3 md-block-grid-3 sm-block-grid-2 xs-block-grid-1\">\r\n          <div class=\"item-columns\"><div class=\"item\">\r\n   <div class=\"service-block service-item-v1\">      \r\n      <div class=\"service-images lightGallery\">\r\n                           <div class=\"image-item\">\r\n                     <a href=\"https:\/\/abrilseguros.com\/newsite\/wp-content\/uploads\/2020\/10\/service-14.jpg\" class=\"zoomGallery\" data-rel=\"lightGallery\">\r\n                        <span class=\"icon-expand\"><i class=\"fa fa-expand\"><\/i><\/span>\r\n                        <img src=\"https:\/\/abrilseguros.com\/newsite\/wp-content\/uploads\/2020\/10\/service-14-180x180.jpg\"  class=\"hidden\" alt=\"Clientes de la empresa\" \/>\r\n                     <\/a>\r\n                     <img width=\"1280\" height=\"854\" src=\"https:\/\/abrilseguros.com\/newsite\/wp-content\/uploads\/2020\/10\/service-14.jpg\" class=\"attachment-full size-full\" alt=\"\" loading=\"lazy\" \/>                  <\/div>\r\n                     <\/div>   \r\n      <div class=\"service-content\">\r\n         <div class=\"content-inner\">\r\n            <h3 class=\"title\">\r\n               <a href=\"https:\/\/abrilseguros.com\/newsite\/service\/clientes-de-la-empresa\/\">Clientes de la empresa<\/a>\r\n            <\/h3>\r\n            <div class=\"desc\">&#8211; Desarrollamos los productos para sus clientes y te construimos nuevos ingresos. Estructuramos tu programa empresarial<\/div> \r\n            <div class=\"readmore\">\r\n               <a href=\"https:\/\/abrilseguros.com\/newsite\/service\/clientes-de-la-empresa\/\">Leer M\u00e1s<\/a>\r\n            <\/div>\r\n         <\/div>    \r\n      <\/div>\r\n   <\/div>\r\n<\/div><\/div><div class=\"item-columns\"><div class=\"item\">\r\n   <div class=\"service-block service-item-v1\">      \r\n      <div class=\"service-images lightGallery\">\r\n                           <div class=\"image-item\">\r\n                     <a href=\"https:\/\/abrilseguros.com\/newsite\/wp-content\/uploads\/2020\/10\/service-13.jpg\" class=\"zoomGallery\" data-rel=\"lightGallery\">\r\n                        <span class=\"icon-expand\"><i class=\"fa fa-expand\"><\/i><\/span>\r\n                        <img src=\"https:\/\/abrilseguros.com\/newsite\/wp-content\/uploads\/2020\/10\/service-13-180x180.jpg\"  class=\"hidden\" alt=\"Beneficios para sus colaboradores\" \/>\r\n                     <\/a>\r\n                     <img width=\"1280\" height=\"853\" src=\"https:\/\/abrilseguros.com\/newsite\/wp-content\/uploads\/2020\/10\/service-13.jpg\" class=\"attachment-full size-full\" alt=\"\" loading=\"lazy\" \/>                  <\/div>\r\n                     <\/div>   \r\n      <div class=\"service-content\">\r\n         <div class=\"content-inner\">\r\n            <h3 class=\"title\">\r\n               <a href=\"https:\/\/abrilseguros.com\/newsite\/service\/beneficios-para-sus-colaboradores\/\">Beneficios para sus colaboradores<\/a>\r\n            <\/h3>\r\n            <div class=\"desc\">&#8211; Estructura la seguridad colectiva de tus empleados &#8211; Facilidad de pago a trav\u00e9s deducci\u00f3n de la n\u00f3mina. &#8211; Seguridad<\/div> \r\n            <div class=\"readmore\">\r\n               <a href=\"https:\/\/abrilseguros.com\/newsite\/service\/beneficios-para-sus-colaboradores\/\">Leer M\u00e1s<\/a>\r\n            <\/div>\r\n         <\/div>    \r\n      <\/div>\r\n   <\/div>\r\n<\/div><\/div><div class=\"item-columns\"><div class=\"item\">\r\n   <div class=\"service-block service-item-v1\">      \r\n      <div class=\"service-images lightGallery\">\r\n                           <div class=\"image-item\">\r\n                     <a href=\"https:\/\/abrilseguros.com\/newsite\/wp-content\/uploads\/2020\/10\/service-15.jpg\" class=\"zoomGallery\" data-rel=\"lightGallery\">\r\n                        <span class=\"icon-expand\"><i class=\"fa fa-expand\"><\/i><\/span>\r\n                        <img src=\"https:\/\/abrilseguros.com\/newsite\/wp-content\/uploads\/2020\/10\/service-15-180x180.jpg\"  class=\"hidden\" alt=\"Seguridad para mi compa\u00f1\u00eda\" \/>\r\n                     <\/a>\r\n                     <img width=\"1280\" height=\"853\" src=\"https:\/\/abrilseguros.com\/newsite\/wp-content\/uploads\/2020\/10\/service-15.jpg\" class=\"attachment-full size-full\" alt=\"\" loading=\"lazy\" \/>                  <\/div>\r\n                     <\/div>   \r\n      <div class=\"service-content\">\r\n         <div class=\"content-inner\">\r\n            <h3 class=\"title\">\r\n               <a href=\"https:\/\/abrilseguros.com\/newsite\/service\/seguridad-para-mi-compania\/\">Seguridad para mi compa\u00f1\u00eda<\/a>\r\n            <\/h3>\r\n            <div class=\"desc\">Seguros a la medida, seg\u00fan la realidad de tu negocio. Robo cibern\u00e9tico, incendio, da\u00f1os a equipos el\u00e9ctricos. pago por d\u00edas<\/div> \r\n            <div class=\"readmore\">\r\n               <a href=\"https:\/\/abrilseguros.com\/newsite\/service\/seguridad-para-mi-compania\/\">Leer M\u00e1s<\/a>\r\n            <\/div>\r\n         <\/div>    \r\n      <\/div>\r\n   <\/div>\r\n<\/div><\/div><div class=\"item-columns\"><div class=\"item\">\r\n   <div class=\"service-block service-item-v1\">      \r\n      <div class=\"service-images lightGallery\">\r\n                           <div class=\"image-item\">\r\n                     <a href=\"https:\/\/abrilseguros.com\/newsite\/wp-content\/uploads\/2020\/10\/service-12-1.jpg\" class=\"zoomGallery\" data-rel=\"lightGallery\">\r\n                        <span class=\"icon-expand\"><i class=\"fa fa-expand\"><\/i><\/span>\r\n                        <img src=\"https:\/\/abrilseguros.com\/newsite\/wp-content\/uploads\/2020\/10\/service-12-1-180x180.jpg\"  class=\"hidden\" alt=\"Protecci\u00f3n odontol\u00f3gica familiar\" \/>\r\n                     <\/a>\r\n                     <img width=\"1280\" height=\"853\" src=\"https:\/\/abrilseguros.com\/newsite\/wp-content\/uploads\/2020\/10\/service-12-1.jpg\" class=\"attachment-full size-full\" alt=\"\" loading=\"lazy\" \/>                  <\/div>\r\n                     <\/div>   \r\n      <div class=\"service-content\">\r\n         <div class=\"content-inner\">\r\n            <h3 class=\"title\">\r\n               <a href=\"https:\/\/abrilseguros.com\/newsite\/service\/proteccion-odontologica-familiar\/\">Protecci\u00f3n odontol\u00f3gica familiar<\/a>\r\n            <\/h3>\r\n            <div class=\"desc\">Protecci\u00f3n odontol\u00f3gica familiar es un seguro para una persona y\/ o su grupo familiar el cual brinda una amplia red<\/div> \r\n            <div class=\"readmore\">\r\n               <a href=\"https:\/\/abrilseguros.com\/newsite\/service\/proteccion-odontologica-familiar\/\">Leer M\u00e1s<\/a>\r\n            <\/div>\r\n         <\/div>    \r\n      <\/div>\r\n   <\/div>\r\n<\/div><\/div><div class=\"item-columns\"><div class=\"item\">\r\n   <div class=\"service-block service-item-v1\">      \r\n      <div class=\"service-images lightGallery\">\r\n                           <div class=\"image-item\">\r\n                     <a href=\"https:\/\/abrilseguros.com\/newsite\/wp-content\/uploads\/2020\/10\/service-11.jpg\" class=\"zoomGallery\" data-rel=\"lightGallery\">\r\n                        <span class=\"icon-expand\"><i class=\"fa fa-expand\"><\/i><\/span>\r\n                        <img src=\"https:\/\/abrilseguros.com\/newsite\/wp-content\/uploads\/2020\/10\/service-11-180x180.jpg\"  class=\"hidden\" alt=\"Seguro pensional\" \/>\r\n                     <\/a>\r\n                     <img width=\"1280\" height=\"860\" src=\"https:\/\/abrilseguros.com\/newsite\/wp-content\/uploads\/2020\/10\/service-11.jpg\" class=\"attachment-full size-full\" alt=\"\" loading=\"lazy\" \/>                  <\/div>\r\n                     <\/div>   \r\n      <div class=\"service-content\">\r\n         <div class=\"content-inner\">\r\n            <h3 class=\"title\">\r\n               <a href=\"https:\/\/abrilseguros.com\/newsite\/service\/seguro-pensional\/\">Seguro pensional<\/a>\r\n            <\/h3>\r\n            <div class=\"desc\">SEGURO PENSIONAL es una soluci\u00f3n para complementar la pensi\u00f3n legal programando unos desembolsos que se proyectan para tener una vejez<\/div> \r\n            <div class=\"readmore\">\r\n               <a href=\"https:\/\/abrilseguros.com\/newsite\/service\/seguro-pensional\/\">Leer M\u00e1s<\/a>\r\n            <\/div>\r\n         <\/div>    \r\n      <\/div>\r\n   <\/div>\r\n<\/div><\/div><div class=\"item-columns\"><div class=\"item\">\r\n   <div class=\"service-block service-item-v1\">      \r\n      <div class=\"service-images lightGallery\">\r\n                           <div class=\"image-item\">\r\n                     <a href=\"https:\/\/abrilseguros.com\/newsite\/wp-content\/uploads\/2020\/10\/service-10.jpg\" class=\"zoomGallery\" data-rel=\"lightGallery\">\r\n                        <span class=\"icon-expand\"><i class=\"fa fa-expand\"><\/i><\/span>\r\n                        <img src=\"https:\/\/abrilseguros.com\/newsite\/wp-content\/uploads\/2020\/10\/service-10-180x180.jpg\"  class=\"hidden\" alt=\"La educaci\u00f3n de tus hijos\" \/>\r\n                     <\/a>\r\n                     <img width=\"1280\" height=\"854\" src=\"https:\/\/abrilseguros.com\/newsite\/wp-content\/uploads\/2020\/10\/service-10.jpg\" class=\"attachment-full size-full\" alt=\"\" loading=\"lazy\" \/>                  <\/div>\r\n                     <\/div>   \r\n      <div class=\"service-content\">\r\n         <div class=\"content-inner\">\r\n            <h3 class=\"title\">\r\n               <a href=\"https:\/\/abrilseguros.com\/newsite\/service\/la-educacion-de-tus-hijos\/\">La educaci\u00f3n de tus hijos<\/a>\r\n            <\/h3>\r\n            <div class=\"desc\">Educativo es una soluci\u00f3n para programar la educaci\u00f3n superior de los hijos puede ser mediante un ahorro programado o mediante<\/div> \r\n            <div class=\"readmore\">\r\n               <a href=\"https:\/\/abrilseguros.com\/newsite\/service\/la-educacion-de-tus-hijos\/\">Leer M\u00e1s<\/a>\r\n            <\/div>\r\n         <\/div>    \r\n      <\/div>\r\n   <\/div>\r\n<\/div><\/div>        <\/div>\r\n      <\/div>\r\n                <div class=\"pagination\">\r\n              <div class=\"column one pager_wrapper\"><div class=\"pager\"><div class=\"paginations\"><a href=\"https:\/\/abrilseguros.com\/newsite\/wp-json\/wp\/v2\/pages\/3124\" class=\"page-item active\">1<\/a><a href=\"https:\/\/abrilseguros.com\/newsite\/wp-json\/wp\/v2\/pages\/3124\/page\/2\/\" class=\"page-item\">2<\/a><a href=\"https:\/\/abrilseguros.com\/newsite\/wp-json\/wp\/v2\/pages\/3124\/page\/3\/\" class=\"page-item\">3<\/a><a class=\"next_page\" href=\"https:\/\/abrilseguros.com\/newsite\/wp-json\/wp\/v2\/pages\/3124\/page\/2\/\"><i class=\"gv-icon-165\"><\/i><\/a><\/div><\/div><\/div>\n          <\/div>\r\n        <\/div>\r\n  <\/div>\t\t<\/div>\n\t\t\t\t<\/div>\n\t\t\t\t\t\t<\/div>\n\t\t\t\t\t<\/div>\n\t\t<\/div>\n\t\t\t\t\t\t\t\t<\/div>\n\t\t\t\t\t<\/div>\n\t\t<\/section>\n\t\t\t\t<section class=\"elementor-section elementor-top-section elementor-element elementor-element-de8d478 elementor-section-boxed elementor-section-height-default elementor-section-height-default\" data-id=\"de8d478\" data-element_type=\"section\" data-settings=\"{&quot;background_background&quot;:&quot;classic&quot;}\">\n\t\t\t\t\t\t<div class=\"elementor-container elementor-column-gap-default\">\n\t\t\t\t\t\t\t<div class=\"elementor-row\">\n\t\t\t\t\t<div class=\"elementor-column elementor-col-100 elementor-top-column elementor-element elementor-element-e35fbcc\" data-id=\"e35fbcc\" data-element_type=\"column\">\n\t\t\t<div class=\"elementor-column-wrap elementor-element-populated\">\n\t\t\t\t\t\t\t<div class=\"elementor-widget-wrap\">\n\t\t\t\t\t\t<div class=\"elementor-element elementor-element-dc8661c elementor-widget elementor-widget-gva-heading-block\" data-id=\"dc8661c\" data-element_type=\"widget\" data-widget_type=\"gva-heading-block.default\">\n\t\t\t\t<div class=\"elementor-widget-container\">\n\t\t\t<div class=\"gva-element-gva-heading-block gva-element\">   <div class=\"align-center style-1 widget gsc-heading\">\r\n      <div class=\"content-inner\">\r\n         \r\n                     <div class=\"heading-icon\"><img src=\"https:\/\/abrilseguros.com\/newsite\/wp-content\/plugins\/vizeon-themer\/elementor\/assets\/images\/icon-heading.png\" alt=\"For better help and business. &lt;a href=&quot;#&quot;&gt;Let\u2019s get started&lt;\/a&gt;\"\/><\/div>\r\n                  \r\n                     <div class=\"sub-title\"><span>We\u2019re Professional and Expert Consultants<\/span><\/div>\r\n           \r\n         \r\n                     <h2 class=\"title\">\r\n               <span>For better help and business. <a href=\"#\">Let\u2019s get started<\/a><\/span>\r\n            <\/h2>\r\n                  \r\n                     <div class=\"heading-action\">\r\n                       <a href=\"#\" class=\"btn-theme btn-cta\">\r\n          Get Started        <\/a>\r\n\r\n                    <\/div>\r\n         \r\n      <\/div>\r\n   <\/div>\r\n   <div class=\"clearfix\"><\/div>\r\n<\/div>\t\t<\/div>\n\t\t\t\t<\/div>\n\t\t\t\t\t\t<\/div>\n\t\t\t\t\t<\/div>\n\t\t<\/div>\n\t\t\t\t\t\t\t\t<\/div>\n\t\t\t\t\t<\/div>\n\t\t<\/section>\n\t\t\t\t\t\t<\/div>\n\t\t\t\t\t\t<\/div>\n\t\t\t\t\t<\/div>\n\t\t","protected":false},"excerpt":{"rendered":"<p>Finance &#038; Restructuring Sed quia magni dolo eos qui ratione voluptatem sequi nesciunt eque porro. Read More Audit and Evaluation Sed quia magni dolo eos qui ratione voluptatem sequi nesciunt eque porro. Read More Taxes And Efficiency Sed quia magni dolo eos qui ratione voluptatem sequi nesciunt eque porro. Read More Financial Analysis Sed quia [&hellip;]<\/p>\n","protected":false},"author":1,"featured_media":0,"parent":0,"menu_order":0,"comment_status":"closed","ping_status":"closed","template":"","meta":[],"_links":{"self":[{"href":"https:\/\/abrilseguros.com\/newsite\/wp-json\/wp\/v2\/pages\/3124"}],"collection":[{"href":"https:\/\/abrilseguros.com\/newsite\/wp-json\/wp\/v2\/pages"}],"about":[{"href":"https:\/\/abrilseguros.com\/newsite\/wp-json\/wp\/v2\/types\/page"}],"author":[{"embeddable":true,"href":"https:\/\/abrilseguros.com\/newsite\/wp-json\/wp\/v2\/users\/1"}],"replies":[{"embeddable":true,"href":"https:\/\/abrilseguros.com\/newsite\/wp-json\/wp\/v2\/comments?post=3124"}],"version-history":[{"count":0,"href":"https:\/\/abrilseguros.com\/newsite\/wp-json\/wp\/v2\/pages\/3124\/revisions"}],"wp:attachment":[{"href":"https:\/\/abrilseguros.com\/newsite\/wp-json\/wp\/v2\/media?parent=3124"}],"curies":[{"name":"wp","href":"https:\/\/api.w.org\/{rel}","templated":true}]}}