{"id":5467,"date":"2019-06-14T01:41:36","date_gmt":"2019-06-14T01:41:36","guid":{"rendered":"https:\/\/themesgavias.com\/wp\/vizeon\/?page_id=5467"},"modified":"2020-10-27T01:16:24","modified_gmt":"2020-10-27T01:16:24","slug":"nosotros","status":"publish","type":"page","link":"https:\/\/abrilseguros.com\/newsite\/nosotros\/","title":{"rendered":"Nosotros"},"content":{"rendered":"\t\t<div data-elementor-type=\"wp-post\" data-elementor-id=\"5467\" class=\"elementor elementor-5467\" data-elementor-settings=\"[]\">\n\t\t\t\t\t\t<div class=\"elementor-inner\">\n\t\t\t\t\t\t\t<div class=\"elementor-section-wrap\">\n\t\t\t\t\t\t\t<section class=\"elementor-section elementor-top-section elementor-element elementor-element-abdc949 elementor-section-boxed elementor-section-height-default elementor-section-height-default\" data-id=\"abdc949\" data-element_type=\"section\">\n\t\t\t\t\t\t<div class=\"elementor-container elementor-column-gap-default\">\n\t\t\t\t\t\t\t<div class=\"elementor-row\">\n\t\t\t\t\t<div class=\"elementor-column elementor-col-50 elementor-top-column elementor-element elementor-element-ca9cdf5\" data-id=\"ca9cdf5\" data-element_type=\"column\">\n\t\t\t<div class=\"elementor-column-wrap elementor-element-populated\">\n\t\t\t\t\t\t\t<div class=\"elementor-widget-wrap\">\n\t\t\t\t\t\t<div class=\"elementor-element elementor-element-1d6decf elementor-widget elementor-widget-gva-heading-block\" data-id=\"1d6decf\" data-element_type=\"widget\" data-widget_type=\"gva-heading-block.default\">\n\t\t\t\t<div class=\"elementor-widget-container\">\n\t\t\t<div class=\"gva-element-gva-heading-block gva-element\">   <div class=\"align-left style-1 widget gsc-heading\">\r\n      <div class=\"content-inner\">\r\n         \r\n                     <div class=\"heading-icon\"><img src=\"https:\/\/abrilseguros.com\/newsite\/wp-content\/plugins\/vizeon-themer\/elementor\/assets\/images\/icon-heading.png\" alt=\"Averigua qu\u00e9 es lo que hacemos por ti.\"\/><\/div>\r\n                  \r\n           \r\n         \r\n                     <h2 class=\"title\">\r\n               <span>Averigua qu\u00e9 es lo que hacemos por ti.<\/span>\r\n            <\/h2>\r\n                  \r\n         \r\n      <\/div>\r\n   <\/div>\r\n   <div class=\"clearfix\"><\/div>\r\n<\/div>\t\t<\/div>\n\t\t\t\t<\/div>\n\t\t\t\t<div class=\"elementor-element elementor-element-7d4b735 elementor-widget elementor-widget-image\" data-id=\"7d4b735\" data-element_type=\"widget\" data-widget_type=\"image.default\">\n\t\t\t\t<div class=\"elementor-widget-container\">\n\t\t\t\t\t<div class=\"elementor-image\">\n\t\t\t\t\t\t\t\t\t\t<img src=\"https:\/\/themesgavias.com\/wp\/vizeon\/wp-content\/uploads\/2019\/05\/image-5.jpg\" title=\"\" alt=\"\" \/>\t\t\t\t\t\t\t\t\t\t\t<\/div>\n\t\t\t\t<\/div>\n\t\t\t\t<\/div>\n\t\t\t\t\t\t<\/div>\n\t\t\t\t\t<\/div>\n\t\t<\/div>\n\t\t\t\t<div class=\"elementor-column elementor-col-50 elementor-top-column elementor-element elementor-element-f49c152\" data-id=\"f49c152\" data-element_type=\"column\">\n\t\t\t<div class=\"elementor-column-wrap elementor-element-populated\">\n\t\t\t\t\t\t\t<div class=\"elementor-widget-wrap\">\n\t\t\t\t\t\t<div class=\"elementor-element elementor-element-d47933f elementor-widget elementor-widget-text-editor\" data-id=\"d47933f\" data-element_type=\"widget\" data-widget_type=\"text-editor.default\">\n\t\t\t\t<div class=\"elementor-widget-container\">\n\t\t\t\t\t<div class=\"elementor-text-editor elementor-clearfix\"><p><strong style=\"color: #0D4382;\">Nuestra vocaci\u00f3n:<\/strong> Crear programas de seguros desde tu realidad y crear conciencia de como administrar los riesgos no asegurables.<\/p><p><strong style=\"color: #0D4382;\">Somos desarrolladores de modelos de negocio:<\/strong> Tangibilizar los beneficios del seguro al alcance de todo estrato socioecon\u00f3mico.<\/p><p><strong style=\"color: #0D4382;\">Nuestra mayor satisfacci\u00f3n:<\/strong> la sostenibilidad de tu negocio y de tu familia.<\/p><p><strong style=\"color: #0D4382;\">La credibilidad:<\/strong> Es nuestra virtud fundamentada en el reconocimiento t\u00e9cnico, el acompa\u00f1amiento y la agilidad.<\/p><h3 style=\"color: #0D4382;\">NUESTRA EXPERIENCIA<\/h3><p><strong style=\"color: #0D4382;\">Nuestra fundadora<\/strong> con 20 a\u00f1os de experiencia en el \u00e1rea t\u00e9cnica de seguros<\/p><p><strong style=\"color: #0D4382;\">Abril Riesgos y Seguros:<\/strong> 12 a\u00f1os creando productos, 12 a\u00f1os formando t\u00e9cnicos en seguros y 12 a\u00f1os con talento humano especializado en el tema de riesgos.<\/p><p>\u00a0<\/p><\/div>\n\t\t\t\t<\/div>\n\t\t\t\t<\/div>\n\t\t\t\t\t\t<\/div>\n\t\t\t\t\t<\/div>\n\t\t<\/div>\n\t\t\t\t\t\t\t\t<\/div>\n\t\t\t\t\t<\/div>\n\t\t<\/section>\n\t\t\t\t<section class=\"elementor-section elementor-top-section elementor-element elementor-element-9e5b09c elementor-section-boxed elementor-section-height-default elementor-section-height-default\" data-id=\"9e5b09c\" data-element_type=\"section\">\n\t\t\t\t\t\t<div class=\"elementor-container elementor-column-gap-default\">\n\t\t\t\t\t\t\t<div class=\"elementor-row\">\n\t\t\t\t\t<div class=\"elementor-column elementor-col-100 elementor-top-column elementor-element elementor-element-dbb6653\" data-id=\"dbb6653\" data-element_type=\"column\">\n\t\t\t<div class=\"elementor-column-wrap elementor-element-populated\">\n\t\t\t\t\t\t\t<div class=\"elementor-widget-wrap\">\n\t\t\t\t\t\t<div class=\"elementor-element elementor-element-997843b elementor-widget elementor-widget-gva-heading-block\" data-id=\"997843b\" data-element_type=\"widget\" data-widget_type=\"gva-heading-block.default\">\n\t\t\t\t<div class=\"elementor-widget-container\">\n\t\t\t<div class=\"gva-element-gva-heading-block gva-element\">   <div class=\"align-center style-1 widget gsc-heading\">\r\n      <div class=\"content-inner\">\r\n         \r\n                     <div class=\"heading-icon\"><img src=\"https:\/\/abrilseguros.com\/newsite\/wp-content\/plugins\/vizeon-themer\/elementor\/assets\/images\/icon-heading.png\" alt=\"Nuestros clientes\"\/><\/div>\r\n                  \r\n           \r\n         \r\n                     <h2 class=\"title\">\r\n               <span>Nuestros clientes<\/span>\r\n            <\/h2>\r\n                  \r\n         \r\n      <\/div>\r\n   <\/div>\r\n   <div class=\"clearfix\"><\/div>\r\n<\/div>\t\t<\/div>\n\t\t\t\t<\/div>\n\t\t\t\t<div class=\"elementor-element elementor-element-467fad3 elementor-widget elementor-widget-gva-brand\" data-id=\"467fad3\" data-element_type=\"widget\" data-widget_type=\"gva-brand.default\">\n\t\t\t\t<div class=\"elementor-widget-container\">\n\t\t\t<div class=\"gva-element-gva-brand gva-element\">\r\n   <div class=\"gva-brand-carousel\">\r\n      <div class=\"init-carousel-owl owl-carousel\" data-items=\"6\" data-items_lg=\"6\" data-items_md=\"5\" data-items_sm=\"4\" data-items_xs=\"2\" data-loop=\"1\" data-speed=\"800\" data-auto_play=\"1\" data-auto_play_speed=\"800\" data-auto_play_timeout=\"6000\" data-auto_play_hover=\"1\" data-navigation=\"1\" data-pagination=\"0\" data-mouse_drag=\"1\" data-touch_drag=\"1\" >\r\n                     <div class=\"item brand-item\">\r\n\r\n               <div class=\"brand-item-content\">\r\n                  <img src=\"https:\/\/abrilseguros.com\/newsite\/wp-content\/uploads\/2020\/10\/cliente-1.jpg\" title=\"cliente-1\" alt=\"cliente-1\" \/>               <\/div>\r\n              \r\n            <\/div>\r\n                     <div class=\"item brand-item\">\r\n\r\n               <div class=\"brand-item-content\">\r\n                  <img src=\"https:\/\/abrilseguros.com\/newsite\/wp-content\/uploads\/2020\/10\/cliente-2.jpg\" title=\"cliente-2\" alt=\"cliente-2\" \/>               <\/div>\r\n              \r\n            <\/div>\r\n                     <div class=\"item brand-item\">\r\n\r\n               <div class=\"brand-item-content\">\r\n                  <img src=\"https:\/\/abrilseguros.com\/newsite\/wp-content\/uploads\/2020\/10\/cliente-3.jpg\" title=\"cliente-3\" alt=\"cliente-3\" \/>               <\/div>\r\n              \r\n            <\/div>\r\n                     <div class=\"item brand-item\">\r\n\r\n               <div class=\"brand-item-content\">\r\n                  <img src=\"https:\/\/abrilseguros.com\/newsite\/wp-content\/uploads\/2020\/10\/cliente-4.jpg\" title=\"cliente-4\" alt=\"cliente-4\" \/>               <\/div>\r\n              \r\n            <\/div>\r\n                     <div class=\"item brand-item\">\r\n\r\n               <div class=\"brand-item-content\">\r\n                  <img src=\"https:\/\/abrilseguros.com\/newsite\/wp-content\/uploads\/2020\/10\/cliente-5.jpg\" title=\"cliente-5\" alt=\"cliente-5\" \/>               <\/div>\r\n              \r\n            <\/div>\r\n                     <div class=\"item brand-item\">\r\n\r\n               <div class=\"brand-item-content\">\r\n                  <img src=\"https:\/\/abrilseguros.com\/newsite\/wp-content\/uploads\/2020\/10\/cliente-6.jpg\" title=\"cliente-6\" alt=\"cliente-6\" \/>               <\/div>\r\n              \r\n            <\/div>\r\n                     <div class=\"item brand-item\">\r\n\r\n               <div class=\"brand-item-content\">\r\n                  <img src=\"https:\/\/abrilseguros.com\/newsite\/wp-content\/uploads\/2020\/10\/cliente-7.jpg\" title=\"cliente-7\" alt=\"cliente-7\" \/>               <\/div>\r\n              \r\n            <\/div>\r\n                     <div class=\"item brand-item\">\r\n\r\n               <div class=\"brand-item-content\">\r\n                  <img src=\"https:\/\/abrilseguros.com\/newsite\/wp-content\/uploads\/2020\/10\/cliente-8.jpg\" title=\"cliente-8\" alt=\"cliente-8\" \/>               <\/div>\r\n              \r\n            <\/div>\r\n                     <div class=\"item brand-item\">\r\n\r\n               <div class=\"brand-item-content\">\r\n                  <img src=\"https:\/\/abrilseguros.com\/newsite\/wp-content\/uploads\/2020\/10\/cliente-9.jpg\" title=\"cliente-9\" alt=\"cliente-9\" \/>               <\/div>\r\n              \r\n            <\/div>\r\n                     <div class=\"item brand-item\">\r\n\r\n               <div class=\"brand-item-content\">\r\n                  <img src=\"https:\/\/abrilseguros.com\/newsite\/wp-content\/uploads\/2020\/10\/cliente-10.jpg\" title=\"cliente-10\" alt=\"cliente-10\" \/>               <\/div>\r\n              \r\n            <\/div>\r\n                     <div class=\"item brand-item\">\r\n\r\n               <div class=\"brand-item-content\">\r\n                  <img src=\"https:\/\/abrilseguros.com\/newsite\/wp-content\/uploads\/2020\/10\/cliente-11.jpg\" title=\"cliente-11\" alt=\"cliente-11\" \/>               <\/div>\r\n              \r\n            <\/div>\r\n                     <div class=\"item brand-item\">\r\n\r\n               <div class=\"brand-item-content\">\r\n                  <img src=\"https:\/\/abrilseguros.com\/newsite\/wp-content\/uploads\/2020\/10\/cliente-12.jpg\" title=\"cliente-12\" alt=\"cliente-12\" \/>               <\/div>\r\n              \r\n            <\/div>\r\n                     <div class=\"item brand-item\">\r\n\r\n               <div class=\"brand-item-content\">\r\n                  <img src=\"https:\/\/abrilseguros.com\/newsite\/wp-content\/uploads\/2020\/10\/cliente-13.jpg\" title=\"cliente-13\" alt=\"cliente-13\" \/>               <\/div>\r\n              \r\n            <\/div>\r\n                     <div class=\"item brand-item\">\r\n\r\n               <div class=\"brand-item-content\">\r\n                  <img src=\"https:\/\/abrilseguros.com\/newsite\/wp-content\/uploads\/2020\/10\/cliente-14.jpg\" title=\"cliente-14\" alt=\"cliente-14\" \/>               <\/div>\r\n              \r\n            <\/div>\r\n                     <div class=\"item brand-item\">\r\n\r\n               <div class=\"brand-item-content\">\r\n                  <img src=\"https:\/\/abrilseguros.com\/newsite\/wp-content\/uploads\/2020\/10\/cliente-15.jpg\" title=\"cliente-15\" alt=\"cliente-15\" \/>               <\/div>\r\n              \r\n            <\/div>\r\n                     <div class=\"item brand-item\">\r\n\r\n               <div class=\"brand-item-content\">\r\n                  <img src=\"https:\/\/abrilseguros.com\/newsite\/wp-content\/uploads\/2020\/10\/cliente-16.jpg\" title=\"cliente-16\" alt=\"cliente-16\" \/>               <\/div>\r\n              \r\n            <\/div>\r\n                     <div class=\"item brand-item\">\r\n\r\n               <div class=\"brand-item-content\">\r\n                  <img src=\"https:\/\/abrilseguros.com\/newsite\/wp-content\/uploads\/2020\/10\/cliente-17.jpg\" title=\"cliente-17\" alt=\"cliente-17\" \/>               <\/div>\r\n              \r\n            <\/div>\r\n                     <div class=\"item brand-item\">\r\n\r\n               <div class=\"brand-item-content\">\r\n                  <img src=\"https:\/\/abrilseguros.com\/newsite\/wp-content\/uploads\/2020\/10\/cliente-18.jpg\" title=\"cliente-18\" alt=\"cliente-18\" \/>               <\/div>\r\n              \r\n            <\/div>\r\n                     <div class=\"item brand-item\">\r\n\r\n               <div class=\"brand-item-content\">\r\n                  <img src=\"https:\/\/abrilseguros.com\/newsite\/wp-content\/uploads\/2020\/10\/cliente-19.jpg\" title=\"cliente-19\" alt=\"cliente-19\" \/>               <\/div>\r\n              \r\n            <\/div>\r\n               <\/div>\r\n   <\/div>\r\n<\/div>\t\t<\/div>\n\t\t\t\t<\/div>\n\t\t\t\t\t\t<\/div>\n\t\t\t\t\t<\/div>\n\t\t<\/div>\n\t\t\t\t\t\t\t\t<\/div>\n\t\t\t\t\t<\/div>\n\t\t<\/section>\n\t\t\t\t\t\t<\/div>\n\t\t\t\t\t\t<\/div>\n\t\t\t\t\t<\/div>\n\t\t","protected":false},"excerpt":{"rendered":"<p>Averigua qu\u00e9 es lo que hacemos por ti. Nuestra vocaci\u00f3n: Crear programas de seguros desde tu realidad y crear conciencia de como administrar los riesgos no asegurables. Somos desarrolladores de modelos de negocio: Tangibilizar los beneficios del seguro al alcance de todo estrato socioecon\u00f3mico. Nuestra mayor satisfacci\u00f3n: la sostenibilidad de tu negocio y de tu [&hellip;]<\/p>\n","protected":false},"author":1,"featured_media":0,"parent":0,"menu_order":0,"comment_status":"closed","ping_status":"closed","template":"","meta":[],"_links":{"self":[{"href":"https:\/\/abrilseguros.com\/newsite\/wp-json\/wp\/v2\/pages\/5467"}],"collection":[{"href":"https:\/\/abrilseguros.com\/newsite\/wp-json\/wp\/v2\/pages"}],"about":[{"href":"https:\/\/abrilseguros.com\/newsite\/wp-json\/wp\/v2\/types\/page"}],"author":[{"embeddable":true,"href":"https:\/\/abrilseguros.com\/newsite\/wp-json\/wp\/v2\/users\/1"}],"replies":[{"embeddable":true,"href":"https:\/\/abrilseguros.com\/newsite\/wp-json\/wp\/v2\/comments?post=5467"}],"version-history":[{"count":11,"href":"https:\/\/abrilseguros.com\/newsite\/wp-json\/wp\/v2\/pages\/5467\/revisions"}],"predecessor-version":[{"id":5831,"href":"https:\/\/abrilseguros.com\/newsite\/wp-json\/wp\/v2\/pages\/5467\/revisions\/5831"}],"wp:attachment":[{"href":"https:\/\/abrilseguros.com\/newsite\/wp-json\/wp\/v2\/media?parent=5467"}],"curies":[{"name":"wp","href":"https:\/\/api.w.org\/{rel}","templated":true}]}}