{"id":5729,"date":"2020-10-16T18:01:23","date_gmt":"2020-10-16T18:01:23","guid":{"rendered":"https:\/\/abrilseguros.com\/newsite\/?page_id=5729"},"modified":"2020-10-18T00:24:25","modified_gmt":"2020-10-18T00:24:25","slug":"personas","status":"publish","type":"page","link":"https:\/\/abrilseguros.com\/newsite\/personas\/","title":{"rendered":"Personas"},"content":{"rendered":"\t\t<div data-elementor-type=\"wp-post\" data-elementor-id=\"5729\" class=\"elementor elementor-5729\" data-elementor-settings=\"[]\">\n\t\t\t\t\t\t<div class=\"elementor-inner\">\n\t\t\t\t\t\t\t<div class=\"elementor-section-wrap\">\n\t\t\t\t\t\t\t<section class=\"elementor-section elementor-top-section elementor-element elementor-element-abdc949 elementor-section-boxed elementor-section-height-default elementor-section-height-default\" data-id=\"abdc949\" data-element_type=\"section\">\n\t\t\t\t\t\t<div class=\"elementor-container elementor-column-gap-default\">\n\t\t\t\t\t\t\t<div class=\"elementor-row\">\n\t\t\t\t\t<div class=\"elementor-column elementor-col-100 elementor-top-column elementor-element elementor-element-f49c152\" data-id=\"f49c152\" data-element_type=\"column\">\n\t\t\t<div class=\"elementor-column-wrap elementor-element-populated\">\n\t\t\t\t\t\t\t<div class=\"elementor-widget-wrap\">\n\t\t\t\t\t\t<div class=\"elementor-element elementor-element-d47933f elementor-widget elementor-widget-text-editor\" data-id=\"d47933f\" data-element_type=\"widget\" data-widget_type=\"text-editor.default\">\n\t\t\t\t<div class=\"elementor-widget-container\">\n\t\t\t\t\t<div class=\"elementor-text-editor elementor-clearfix\"><p>Entendemos tus necesidades, por eso hemos desarrollado soluciones a tus riesgos que puedes<br \/>financiar a un precio justo y econ\u00f3mico.<\/p><p><strong>\u00a1Nos ponemos en tus zapatos y creamos la mejor opci\u00f3n para ti \u2026 para tu realidad!<\/strong><\/p><\/div>\n\t\t\t\t<\/div>\n\t\t\t\t<\/div>\n\t\t\t\t\t\t<\/div>\n\t\t\t\t\t<\/div>\n\t\t<\/div>\n\t\t\t\t\t\t\t\t<\/div>\n\t\t\t\t\t<\/div>\n\t\t<\/section>\n\t\t\t\t<section class=\"elementor-section elementor-top-section elementor-element elementor-element-651290c elementor-section-boxed elementor-section-height-default elementor-section-height-default\" data-id=\"651290c\" data-element_type=\"section\">\n\t\t\t\t\t\t<div class=\"elementor-container elementor-column-gap-default\">\n\t\t\t\t\t\t\t<div class=\"elementor-row\">\n\t\t\t\t\t<div class=\"elementor-column elementor-col-100 elementor-top-column elementor-element elementor-element-3b73c9c\" data-id=\"3b73c9c\" data-element_type=\"column\">\n\t\t\t<div class=\"elementor-column-wrap elementor-element-populated\">\n\t\t\t\t\t\t\t<div class=\"elementor-widget-wrap\">\n\t\t\t\t\t\t<div class=\"elementor-element elementor-element-c1a190f elementor-widget elementor-widget-gva-services\" data-id=\"c1a190f\" data-element_type=\"widget\" data-widget_type=\"gva-services.default\">\n\t\t\t\t<div class=\"elementor-widget-container\">\n\t\t\t<div class=\"gva-element-gva-services gva-element\">  \r\n  <div class=\"gva-services-grid clearfix gva-services\">\r\n      <div class=\"gva-content-items\"> \r\n        <div class=\"lg-block-grid-4 md-block-grid-4 sm-block-grid-3 xs-block-grid-1\">\r\n          <div class=\"item-columns\"><div class=\"item\">\r\n   <div class=\"service-block service-item-v1\">      \r\n      <div class=\"service-images lightGallery\">\r\n                           <div class=\"image-item\">\r\n                     <a href=\"https:\/\/abrilseguros.com\/newsite\/wp-content\/uploads\/2020\/10\/service-12-1.jpg\" class=\"zoomGallery\" data-rel=\"lightGallery\">\r\n                        <span class=\"icon-expand\"><i class=\"fa fa-expand\"><\/i><\/span>\r\n                        <img src=\"https:\/\/abrilseguros.com\/newsite\/wp-content\/uploads\/2020\/10\/service-12-1-180x180.jpg\"  class=\"hidden\" alt=\"Protecci\u00f3n odontol\u00f3gica familiar\" \/>\r\n                     <\/a>\r\n                     <img width=\"1280\" height=\"853\" src=\"https:\/\/abrilseguros.com\/newsite\/wp-content\/uploads\/2020\/10\/service-12-1.jpg\" class=\"attachment-oxpitan_medium size-oxpitan_medium\" alt=\"\" loading=\"lazy\" \/>                  <\/div>\r\n                     <\/div>   \r\n      <div class=\"service-content\">\r\n         <div class=\"content-inner\">\r\n            <h3 class=\"title\">\r\n               <a href=\"https:\/\/abrilseguros.com\/newsite\/service\/proteccion-odontologica-familiar\/\">Protecci\u00f3n odontol\u00f3gica familiar<\/a>\r\n            <\/h3>\r\n            <div class=\"desc\">Protecci\u00f3n odontol\u00f3gica familiar es un seguro para una persona y\/ o su grupo familiar el cual brinda una amplia red<\/div> \r\n            <div class=\"readmore\">\r\n               <a href=\"https:\/\/abrilseguros.com\/newsite\/service\/proteccion-odontologica-familiar\/\">Leer M\u00e1s<\/a>\r\n            <\/div>\r\n         <\/div>    \r\n      <\/div>\r\n   <\/div>\r\n<\/div><\/div><div class=\"item-columns\"><div class=\"item\">\r\n   <div class=\"service-block service-item-v1\">      \r\n      <div class=\"service-images lightGallery\">\r\n                           <div class=\"image-item\">\r\n                     <a href=\"https:\/\/abrilseguros.com\/newsite\/wp-content\/uploads\/2020\/10\/service-11.jpg\" class=\"zoomGallery\" data-rel=\"lightGallery\">\r\n                        <span class=\"icon-expand\"><i class=\"fa fa-expand\"><\/i><\/span>\r\n                        <img src=\"https:\/\/abrilseguros.com\/newsite\/wp-content\/uploads\/2020\/10\/service-11-180x180.jpg\"  class=\"hidden\" alt=\"Seguro pensional\" \/>\r\n                     <\/a>\r\n                     <img width=\"1280\" height=\"860\" src=\"https:\/\/abrilseguros.com\/newsite\/wp-content\/uploads\/2020\/10\/service-11.jpg\" class=\"attachment-oxpitan_medium size-oxpitan_medium\" alt=\"\" loading=\"lazy\" \/>                  <\/div>\r\n                     <\/div>   \r\n      <div class=\"service-content\">\r\n         <div class=\"content-inner\">\r\n            <h3 class=\"title\">\r\n               <a href=\"https:\/\/abrilseguros.com\/newsite\/service\/seguro-pensional\/\">Seguro pensional<\/a>\r\n            <\/h3>\r\n            <div class=\"desc\">SEGURO PENSIONAL es una soluci\u00f3n para complementar la pensi\u00f3n legal programando unos desembolsos que se proyectan para tener una vejez<\/div> \r\n            <div class=\"readmore\">\r\n               <a href=\"https:\/\/abrilseguros.com\/newsite\/service\/seguro-pensional\/\">Leer M\u00e1s<\/a>\r\n            <\/div>\r\n         <\/div>    \r\n      <\/div>\r\n   <\/div>\r\n<\/div><\/div><div class=\"item-columns\"><div class=\"item\">\r\n   <div class=\"service-block service-item-v1\">      \r\n      <div class=\"service-images lightGallery\">\r\n                           <div class=\"image-item\">\r\n                     <a href=\"https:\/\/abrilseguros.com\/newsite\/wp-content\/uploads\/2020\/10\/service-10.jpg\" class=\"zoomGallery\" data-rel=\"lightGallery\">\r\n                        <span class=\"icon-expand\"><i class=\"fa fa-expand\"><\/i><\/span>\r\n                        <img src=\"https:\/\/abrilseguros.com\/newsite\/wp-content\/uploads\/2020\/10\/service-10-180x180.jpg\"  class=\"hidden\" alt=\"La educaci\u00f3n de tus hijos\" \/>\r\n                     <\/a>\r\n                     <img width=\"1280\" height=\"854\" src=\"https:\/\/abrilseguros.com\/newsite\/wp-content\/uploads\/2020\/10\/service-10.jpg\" class=\"attachment-oxpitan_medium size-oxpitan_medium\" alt=\"\" loading=\"lazy\" \/>                  <\/div>\r\n                     <\/div>   \r\n      <div class=\"service-content\">\r\n         <div class=\"content-inner\">\r\n            <h3 class=\"title\">\r\n               <a href=\"https:\/\/abrilseguros.com\/newsite\/service\/la-educacion-de-tus-hijos\/\">La educaci\u00f3n de tus hijos<\/a>\r\n            <\/h3>\r\n            <div class=\"desc\">Educativo es una soluci\u00f3n para programar la educaci\u00f3n superior de los hijos puede ser mediante un ahorro programado o mediante<\/div> \r\n            <div class=\"readmore\">\r\n               <a href=\"https:\/\/abrilseguros.com\/newsite\/service\/la-educacion-de-tus-hijos\/\">Leer M\u00e1s<\/a>\r\n            <\/div>\r\n         <\/div>    \r\n      <\/div>\r\n   <\/div>\r\n<\/div><\/div><div class=\"item-columns\"><div class=\"item\">\r\n   <div class=\"service-block service-item-v1\">      \r\n      <div class=\"service-images lightGallery\">\r\n                           <div class=\"image-item\">\r\n                     <a href=\"https:\/\/abrilseguros.com\/newsite\/wp-content\/uploads\/2020\/10\/service-9.jpg\" class=\"zoomGallery\" data-rel=\"lightGallery\">\r\n                        <span class=\"icon-expand\"><i class=\"fa fa-expand\"><\/i><\/span>\r\n                        <img src=\"https:\/\/abrilseguros.com\/newsite\/wp-content\/uploads\/2020\/10\/service-9-180x180.jpg\"  class=\"hidden\" alt=\"Hogar\" \/>\r\n                     <\/a>\r\n                     <img width=\"1280\" height=\"853\" src=\"https:\/\/abrilseguros.com\/newsite\/wp-content\/uploads\/2020\/10\/service-9.jpg\" class=\"attachment-oxpitan_medium size-oxpitan_medium\" alt=\"\" loading=\"lazy\" \/>                  <\/div>\r\n                     <\/div>   \r\n      <div class=\"service-content\">\r\n         <div class=\"content-inner\">\r\n            <h3 class=\"title\">\r\n               <a href=\"https:\/\/abrilseguros.com\/newsite\/service\/hogar\/\">Hogar<\/a>\r\n            <\/h3>\r\n            <div class=\"desc\">Hogar es una soluci\u00f3n para proteger su vivienda o si no es propietario para asegurar sus contenidos frente a cualquier<\/div> \r\n            <div class=\"readmore\">\r\n               <a href=\"https:\/\/abrilseguros.com\/newsite\/service\/hogar\/\">Leer M\u00e1s<\/a>\r\n            <\/div>\r\n         <\/div>    \r\n      <\/div>\r\n   <\/div>\r\n<\/div><\/div><div class=\"item-columns\"><div class=\"item\">\r\n   <div class=\"service-block service-item-v1\">      \r\n      <div class=\"service-images lightGallery\">\r\n                           <div class=\"image-item\">\r\n                     <a href=\"https:\/\/abrilseguros.com\/newsite\/wp-content\/uploads\/2020\/10\/service-8.jpg\" class=\"zoomGallery\" data-rel=\"lightGallery\">\r\n                        <span class=\"icon-expand\"><i class=\"fa fa-expand\"><\/i><\/span>\r\n                        <img src=\"https:\/\/abrilseguros.com\/newsite\/wp-content\/uploads\/2020\/10\/service-8-180x180.jpg\"  class=\"hidden\" alt=\"Renta diaria por incapacidad\" \/>\r\n                     <\/a>\r\n                     <img width=\"1280\" height=\"853\" src=\"https:\/\/abrilseguros.com\/newsite\/wp-content\/uploads\/2020\/10\/service-8.jpg\" class=\"attachment-oxpitan_medium size-oxpitan_medium\" alt=\"\" loading=\"lazy\" \/>                  <\/div>\r\n                     <\/div>   \r\n      <div class=\"service-content\">\r\n         <div class=\"content-inner\">\r\n            <h3 class=\"title\">\r\n               <a href=\"https:\/\/abrilseguros.com\/newsite\/service\/renta-diaria-por-incapacidad\/\">Renta diaria por incapacidad<\/a>\r\n            <\/h3>\r\n            <div class=\"desc\">Renta diaria por incapacidad se crea para compensar el ingreso de las personas que tienen una incapacidad en casa y<\/div> \r\n            <div class=\"readmore\">\r\n               <a href=\"https:\/\/abrilseguros.com\/newsite\/service\/renta-diaria-por-incapacidad\/\">Leer M\u00e1s<\/a>\r\n            <\/div>\r\n         <\/div>    \r\n      <\/div>\r\n   <\/div>\r\n<\/div><\/div><div class=\"item-columns\"><div class=\"item\">\r\n   <div class=\"service-block service-item-v1\">      \r\n      <div class=\"service-images lightGallery\">\r\n                           <div class=\"image-item\">\r\n                     <a href=\"https:\/\/abrilseguros.com\/newsite\/wp-content\/uploads\/2020\/10\/service-2.jpg\" class=\"zoomGallery\" data-rel=\"lightGallery\">\r\n                        <span class=\"icon-expand\"><i class=\"fa fa-expand\"><\/i><\/span>\r\n                        <img src=\"https:\/\/abrilseguros.com\/newsite\/wp-content\/uploads\/2020\/10\/service-2-180x180.jpg\"  class=\"hidden\" alt=\"Techo\" \/>\r\n                     <\/a>\r\n                     <img width=\"1280\" height=\"831\" src=\"https:\/\/abrilseguros.com\/newsite\/wp-content\/uploads\/2020\/10\/service-2.jpg\" class=\"attachment-oxpitan_medium size-oxpitan_medium\" alt=\"\" loading=\"lazy\" \/>                  <\/div>\r\n                     <\/div>   \r\n      <div class=\"service-content\">\r\n         <div class=\"content-inner\">\r\n            <h3 class=\"title\">\r\n               <a href=\"https:\/\/abrilseguros.com\/newsite\/service\/techo\/\">Techo<\/a>\r\n            <\/h3>\r\n            <div class=\"desc\">Techo una soluci\u00f3n dise\u00f1ada para todo tipo de predio casa apartamento Microempresa que se convierte en un auxilio en dinero<\/div> \r\n            <div class=\"readmore\">\r\n               <a href=\"https:\/\/abrilseguros.com\/newsite\/service\/techo\/\">Leer M\u00e1s<\/a>\r\n            <\/div>\r\n         <\/div>    \r\n      <\/div>\r\n   <\/div>\r\n<\/div><\/div><div class=\"item-columns\"><div class=\"item\">\r\n   <div class=\"service-block service-item-v1\">      \r\n      <div class=\"service-images lightGallery\">\r\n                           <div class=\"image-item\">\r\n                     <a href=\"https:\/\/abrilseguros.com\/newsite\/wp-content\/uploads\/2020\/10\/service-6.jpg\" class=\"zoomGallery\" data-rel=\"lightGallery\">\r\n                        <span class=\"icon-expand\"><i class=\"fa fa-expand\"><\/i><\/span>\r\n                        <img src=\"https:\/\/abrilseguros.com\/newsite\/wp-content\/uploads\/2020\/10\/service-6-180x180.jpg\"  class=\"hidden\" alt=\"Salud\" \/>\r\n                     <\/a>\r\n                     <img width=\"1280\" height=\"853\" src=\"https:\/\/abrilseguros.com\/newsite\/wp-content\/uploads\/2020\/10\/service-6.jpg\" class=\"attachment-oxpitan_medium size-oxpitan_medium\" alt=\"\" loading=\"lazy\" \/>                  <\/div>\r\n                     <\/div>   \r\n      <div class=\"service-content\">\r\n         <div class=\"content-inner\">\r\n            <h3 class=\"title\">\r\n               <a href=\"https:\/\/abrilseguros.com\/newsite\/service\/salud\/\">Salud<\/a>\r\n            <\/h3>\r\n            <div class=\"desc\">SALUD es una soluci\u00f3n que contrarresta el servicio m\u00e9dico est\u00e1ndar recibido en la EPS sea por una hospitalizaci\u00f3n, urgencias y<\/div> \r\n            <div class=\"readmore\">\r\n               <a href=\"https:\/\/abrilseguros.com\/newsite\/service\/salud\/\">Leer M\u00e1s<\/a>\r\n            <\/div>\r\n         <\/div>    \r\n      <\/div>\r\n   <\/div>\r\n<\/div><\/div><div class=\"item-columns\"><div class=\"item\">\r\n   <div class=\"service-block service-item-v1\">      \r\n      <div class=\"service-images lightGallery\">\r\n                           <div class=\"image-item\">\r\n                     <a href=\"https:\/\/abrilseguros.com\/newsite\/wp-content\/uploads\/2020\/10\/service-5.jpg\" class=\"zoomGallery\" data-rel=\"lightGallery\">\r\n                        <span class=\"icon-expand\"><i class=\"fa fa-expand\"><\/i><\/span>\r\n                        <img src=\"https:\/\/abrilseguros.com\/newsite\/wp-content\/uploads\/2020\/10\/service-5-180x180.jpg\"  class=\"hidden\" alt=\"Asistencia en viajes\" \/>\r\n                     <\/a>\r\n                     <img width=\"1280\" height=\"854\" src=\"https:\/\/abrilseguros.com\/newsite\/wp-content\/uploads\/2020\/10\/service-5.jpg\" class=\"attachment-oxpitan_medium size-oxpitan_medium\" alt=\"\" loading=\"lazy\" \/>                  <\/div>\r\n                     <\/div>   \r\n      <div class=\"service-content\">\r\n         <div class=\"content-inner\">\r\n            <h3 class=\"title\">\r\n               <a href=\"https:\/\/abrilseguros.com\/newsite\/service\/asistencia-en-viajes\/\">Asistencia en viajes<\/a>\r\n            <\/h3>\r\n            <div class=\"desc\">ASISTENCIA EN VIAJES para todos aquellas personas que viajan al exterior y requieran tener cobertura de accidente o enfermedad estando<\/div> \r\n            <div class=\"readmore\">\r\n               <a href=\"https:\/\/abrilseguros.com\/newsite\/service\/asistencia-en-viajes\/\">Leer M\u00e1s<\/a>\r\n            <\/div>\r\n         <\/div>    \r\n      <\/div>\r\n   <\/div>\r\n<\/div><\/div><div class=\"item-columns\"><div class=\"item\">\r\n   <div class=\"service-block service-item-v1\">      \r\n      <div class=\"service-images lightGallery\">\r\n                           <div class=\"image-item\">\r\n                     <a href=\"https:\/\/abrilseguros.com\/newsite\/wp-content\/uploads\/2020\/10\/service-4.jpg\" class=\"zoomGallery\" data-rel=\"lightGallery\">\r\n                        <span class=\"icon-expand\"><i class=\"fa fa-expand\"><\/i><\/span>\r\n                        <img src=\"https:\/\/abrilseguros.com\/newsite\/wp-content\/uploads\/2020\/10\/service-4-180x180.jpg\"  class=\"hidden\" alt=\"Da\u00f1os a terceros\" \/>\r\n                     <\/a>\r\n                     <img width=\"1280\" height=\"853\" src=\"https:\/\/abrilseguros.com\/newsite\/wp-content\/uploads\/2020\/10\/service-4.jpg\" class=\"attachment-oxpitan_medium size-oxpitan_medium\" alt=\"\" loading=\"lazy\" \/>                  <\/div>\r\n                     <\/div>   \r\n      <div class=\"service-content\">\r\n         <div class=\"content-inner\">\r\n            <h3 class=\"title\">\r\n               <a href=\"https:\/\/abrilseguros.com\/newsite\/service\/danos-a-terceros\/\">Da\u00f1os a terceros<\/a>\r\n            <\/h3>\r\n            <div class=\"desc\">DA\u00d1OS A TERCEROS, es una p\u00f3liza que en ocasiones la exige la profesi\u00f3n para poder ejercer en otras es un<\/div> \r\n            <div class=\"readmore\">\r\n               <a href=\"https:\/\/abrilseguros.com\/newsite\/service\/danos-a-terceros\/\">Leer M\u00e1s<\/a>\r\n            <\/div>\r\n         <\/div>    \r\n      <\/div>\r\n   <\/div>\r\n<\/div><\/div><div class=\"item-columns\"><div class=\"item\">\r\n   <div class=\"service-block service-item-v1\">      \r\n      <div class=\"service-images lightGallery\">\r\n                           <div class=\"image-item\">\r\n                     <a href=\"https:\/\/abrilseguros.com\/newsite\/wp-content\/uploads\/2020\/10\/rsz_service-7.jpg\" class=\"zoomGallery\" data-rel=\"lightGallery\">\r\n                        <span class=\"icon-expand\"><i class=\"fa fa-expand\"><\/i><\/span>\r\n                        <img src=\"https:\/\/abrilseguros.com\/newsite\/wp-content\/uploads\/2020\/10\/rsz_service-7-180x180.jpg\"  class=\"hidden\" alt=\"Todo riesgos veh\u00edculos\" \/>\r\n                     <\/a>\r\n                     <img width=\"1280\" height=\"853\" src=\"https:\/\/abrilseguros.com\/newsite\/wp-content\/uploads\/2020\/10\/rsz_service-7.jpg\" class=\"attachment-oxpitan_medium size-oxpitan_medium\" alt=\"\" loading=\"lazy\" \/>                  <\/div>\r\n                     <\/div>   \r\n      <div class=\"service-content\">\r\n         <div class=\"content-inner\">\r\n            <h3 class=\"title\">\r\n               <a href=\"https:\/\/abrilseguros.com\/newsite\/service\/audit-and-evaluation\/\">Todo riesgos veh\u00edculos<\/a>\r\n            <\/h3>\r\n            <div class=\"desc\">&nbsp;<\/div> \r\n            <div class=\"readmore\">\r\n               <a href=\"https:\/\/abrilseguros.com\/newsite\/service\/audit-and-evaluation\/\">Leer M\u00e1s<\/a>\r\n            <\/div>\r\n         <\/div>    \r\n      <\/div>\r\n   <\/div>\r\n<\/div><\/div><div class=\"item-columns\"><div class=\"item\">\r\n   <div class=\"service-block service-item-v1\">      \r\n      <div class=\"service-images lightGallery\">\r\n                           <div class=\"image-item\">\r\n                     <a href=\"https:\/\/abrilseguros.com\/newsite\/wp-content\/uploads\/2020\/10\/service-3.jpg\" class=\"zoomGallery\" data-rel=\"lightGallery\">\r\n                        <span class=\"icon-expand\"><i class=\"fa fa-expand\"><\/i><\/span>\r\n                        <img src=\"https:\/\/abrilseguros.com\/newsite\/wp-content\/uploads\/2020\/10\/service-3-180x180.jpg\"  class=\"hidden\" alt=\"Revisi\u00f3n t\u00e9cnico mec\u00e1nica\" \/>\r\n                     <\/a>\r\n                     <img width=\"1280\" height=\"853\" src=\"https:\/\/abrilseguros.com\/newsite\/wp-content\/uploads\/2020\/10\/service-3.jpg\" class=\"attachment-oxpitan_medium size-oxpitan_medium\" alt=\"\" loading=\"lazy\" \/>                  <\/div>\r\n                     <\/div>   \r\n      <div class=\"service-content\">\r\n         <div class=\"content-inner\">\r\n            <h3 class=\"title\">\r\n               <a href=\"https:\/\/abrilseguros.com\/newsite\/service\/consumer-products\/\">Revisi\u00f3n t\u00e9cnico mec\u00e1nica<\/a>\r\n            <\/h3>\r\n            <div class=\"desc\">Financia tu seguro a cr\u00e9dito con<\/div> \r\n            <div class=\"readmore\">\r\n               <a href=\"https:\/\/abrilseguros.com\/newsite\/service\/consumer-products\/\">Leer M\u00e1s<\/a>\r\n            <\/div>\r\n         <\/div>    \r\n      <\/div>\r\n   <\/div>\r\n<\/div><\/div><div class=\"item-columns\"><div class=\"item\">\r\n   <div class=\"service-block service-item-v1\">      \r\n      <div class=\"service-images lightGallery\">\r\n                           <div class=\"image-item\">\r\n                     <a href=\"https:\/\/abrilseguros.com\/newsite\/wp-content\/uploads\/2020\/10\/service-1.jpg\" class=\"zoomGallery\" data-rel=\"lightGallery\">\r\n                        <span class=\"icon-expand\"><i class=\"fa fa-expand\"><\/i><\/span>\r\n                        <img src=\"https:\/\/abrilseguros.com\/newsite\/wp-content\/uploads\/2020\/10\/service-1-180x180.jpg\"  class=\"hidden\" alt=\"Soat\" \/>\r\n                     <\/a>\r\n                     <img width=\"1280\" height=\"853\" src=\"https:\/\/abrilseguros.com\/newsite\/wp-content\/uploads\/2020\/10\/service-1.jpg\" class=\"attachment-oxpitan_medium size-oxpitan_medium\" alt=\"\" loading=\"lazy\" \/>                  <\/div>\r\n                     <\/div>   \r\n      <div class=\"service-content\">\r\n         <div class=\"content-inner\">\r\n            <h3 class=\"title\">\r\n               <a href=\"https:\/\/abrilseguros.com\/newsite\/service\/energy-environment\/\">Soat<\/a>\r\n            <\/h3>\r\n            <div class=\"desc\">SOAT es un requisito legal para la movilizaci\u00f3n de cualquier veh\u00edculo, nuestra soluci\u00f3n es facilitar su pago financi\u00e1ndolo hasta 11<\/div> \r\n            <div class=\"readmore\">\r\n               <a href=\"https:\/\/abrilseguros.com\/newsite\/service\/energy-environment\/\">Leer M\u00e1s<\/a>\r\n            <\/div>\r\n         <\/div>    \r\n      <\/div>\r\n   <\/div>\r\n<\/div><\/div>        <\/div>\r\n      <\/div>\r\n        <\/div>\r\n  <\/div>\t\t<\/div>\n\t\t\t\t<\/div>\n\t\t\t\t\t\t<\/div>\n\t\t\t\t\t<\/div>\n\t\t<\/div>\n\t\t\t\t\t\t\t\t<\/div>\n\t\t\t\t\t<\/div>\n\t\t<\/section>\n\t\t\t\t\t\t<\/div>\n\t\t\t\t\t\t<\/div>\n\t\t\t\t\t<\/div>\n\t\t","protected":false},"excerpt":{"rendered":"<p>Entendemos tus necesidades, por eso hemos desarrollado soluciones a tus riesgos que puedesfinanciar a un precio justo y econ\u00f3mico. \u00a1Nos ponemos en tus zapatos y creamos la mejor opci\u00f3n para ti \u2026 para tu realidad! Protecci\u00f3n odontol\u00f3gica familiar Protecci\u00f3n odontol\u00f3gica familiar es un seguro para una persona y\/ o su grupo familiar el cual brinda [&hellip;]<\/p>\n","protected":false},"author":1,"featured_media":0,"parent":0,"menu_order":0,"comment_status":"closed","ping_status":"closed","template":"","meta":[],"_links":{"self":[{"href":"https:\/\/abrilseguros.com\/newsite\/wp-json\/wp\/v2\/pages\/5729"}],"collection":[{"href":"https:\/\/abrilseguros.com\/newsite\/wp-json\/wp\/v2\/pages"}],"about":[{"href":"https:\/\/abrilseguros.com\/newsite\/wp-json\/wp\/v2\/types\/page"}],"author":[{"embeddable":true,"href":"https:\/\/abrilseguros.com\/newsite\/wp-json\/wp\/v2\/users\/1"}],"replies":[{"embeddable":true,"href":"https:\/\/abrilseguros.com\/newsite\/wp-json\/wp\/v2\/comments?post=5729"}],"version-history":[{"count":5,"href":"https:\/\/abrilseguros.com\/newsite\/wp-json\/wp\/v2\/pages\/5729\/revisions"}],"predecessor-version":[{"id":5739,"href":"https:\/\/abrilseguros.com\/newsite\/wp-json\/wp\/v2\/pages\/5729\/revisions\/5739"}],"wp:attachment":[{"href":"https:\/\/abrilseguros.com\/newsite\/wp-json\/wp\/v2\/media?parent=5729"}],"curies":[{"name":"wp","href":"https:\/\/api.w.org\/{rel}","templated":true}]}}