{"id":5749,"date":"2020-10-18T00:43:42","date_gmt":"2020-10-18T00:43:42","guid":{"rendered":"https:\/\/abrilseguros.com\/newsite\/?page_id=5749"},"modified":"2020-10-20T21:36:46","modified_gmt":"2020-10-20T21:36:46","slug":"empresas","status":"publish","type":"page","link":"https:\/\/abrilseguros.com\/newsite\/empresas\/","title":{"rendered":"Empresas"},"content":{"rendered":"\t\t<div data-elementor-type=\"wp-post\" data-elementor-id=\"5749\" class=\"elementor elementor-5749\" data-elementor-settings=\"[]\">\n\t\t\t\t\t\t<div class=\"elementor-inner\">\n\t\t\t\t\t\t\t<div class=\"elementor-section-wrap\">\n\t\t\t\t\t\t\t<section class=\"elementor-section elementor-top-section elementor-element elementor-element-abdc949 elementor-section-boxed elementor-section-height-default elementor-section-height-default\" data-id=\"abdc949\" data-element_type=\"section\">\n\t\t\t\t\t\t<div class=\"elementor-container elementor-column-gap-default\">\n\t\t\t\t\t\t\t<div class=\"elementor-row\">\n\t\t\t\t\t<div class=\"elementor-column elementor-col-100 elementor-top-column elementor-element elementor-element-f49c152\" data-id=\"f49c152\" data-element_type=\"column\">\n\t\t\t<div class=\"elementor-column-wrap elementor-element-populated\">\n\t\t\t\t\t\t\t<div class=\"elementor-widget-wrap\">\n\t\t\t\t\t\t<div class=\"elementor-element elementor-element-d47933f elementor-widget elementor-widget-text-editor\" data-id=\"d47933f\" data-element_type=\"widget\" data-widget_type=\"text-editor.default\">\n\t\t\t\t<div class=\"elementor-widget-container\">\n\t\t\t\t\t<div class=\"elementor-text-editor elementor-clearfix\"><p><span style=\"font-weight: 400;\">\u00bfEst\u00e1s seguro que tu seguro cubre los riesgos m\u00ednimos de tu negocio?\u00a0 <\/span><span style=\"font-weight: 400;\"><br \/><\/span><span style=\"font-weight: 400;\">Consultor\u00eda personalizada para empresas.\u00a0<\/span><\/p><p><span style=\"font-weight: 400;\"><br \/><\/span><strong>Identificamos los posibles riesgos de su empresa para que un posible siniestro no afecte su negocio.\u00a0<\/strong><\/p><\/div>\n\t\t\t\t<\/div>\n\t\t\t\t<\/div>\n\t\t\t\t\t\t<\/div>\n\t\t\t\t\t<\/div>\n\t\t<\/div>\n\t\t\t\t\t\t\t\t<\/div>\n\t\t\t\t\t<\/div>\n\t\t<\/section>\n\t\t\t\t<section class=\"elementor-section elementor-top-section elementor-element elementor-element-651290c elementor-section-boxed elementor-section-height-default elementor-section-height-default\" data-id=\"651290c\" data-element_type=\"section\">\n\t\t\t\t\t\t<div class=\"elementor-container elementor-column-gap-default\">\n\t\t\t\t\t\t\t<div class=\"elementor-row\">\n\t\t\t\t\t<div class=\"elementor-column elementor-col-100 elementor-top-column elementor-element elementor-element-3b73c9c\" data-id=\"3b73c9c\" data-element_type=\"column\">\n\t\t\t<div class=\"elementor-column-wrap elementor-element-populated\">\n\t\t\t\t\t\t\t<div class=\"elementor-widget-wrap\">\n\t\t\t\t\t\t<div class=\"elementor-element elementor-element-c1a190f elementor-widget elementor-widget-gva-services\" data-id=\"c1a190f\" data-element_type=\"widget\" data-widget_type=\"gva-services.default\">\n\t\t\t\t<div class=\"elementor-widget-container\">\n\t\t\t<div class=\"gva-element-gva-services gva-element\">  \r\n  <div class=\"gva-services-grid clearfix gva-services\">\r\n      <div class=\"gva-content-items\"> \r\n        <div class=\"lg-block-grid-3 md-block-grid-3 sm-block-grid-3 xs-block-grid-1\">\r\n          <div class=\"item-columns\"><div class=\"item\">\r\n   <div class=\"service-block service-item-v1\">      \r\n      <div class=\"service-images lightGallery\">\r\n                           <div class=\"image-item\">\r\n                     <a href=\"https:\/\/abrilseguros.com\/newsite\/wp-content\/uploads\/2020\/10\/service-14.jpg\" class=\"zoomGallery\" data-rel=\"lightGallery\">\r\n                        <span class=\"icon-expand\"><i class=\"fa fa-expand\"><\/i><\/span>\r\n                        <img src=\"https:\/\/abrilseguros.com\/newsite\/wp-content\/uploads\/2020\/10\/service-14-180x180.jpg\"  class=\"hidden\" alt=\"Clientes de la empresa\" \/>\r\n                     <\/a>\r\n                     <img width=\"1280\" height=\"854\" src=\"https:\/\/abrilseguros.com\/newsite\/wp-content\/uploads\/2020\/10\/service-14.jpg\" class=\"attachment-oxpitan_medium size-oxpitan_medium\" alt=\"\" loading=\"lazy\" \/>                  <\/div>\r\n                     <\/div>   \r\n      <div class=\"service-content\">\r\n         <div class=\"content-inner\">\r\n            <h3 class=\"title\">\r\n               <a href=\"https:\/\/abrilseguros.com\/newsite\/service\/clientes-de-la-empresa\/\">Clientes de la empresa<\/a>\r\n            <\/h3>\r\n            <div class=\"desc\">&#8211; Desarrollamos los productos para sus clientes y te construimos nuevos ingresos. Estructuramos tu programa empresarial<\/div> \r\n            <div class=\"readmore\">\r\n               <a href=\"https:\/\/abrilseguros.com\/newsite\/service\/clientes-de-la-empresa\/\">Leer M\u00e1s<\/a>\r\n            <\/div>\r\n         <\/div>    \r\n      <\/div>\r\n   <\/div>\r\n<\/div><\/div><div class=\"item-columns\"><div class=\"item\">\r\n   <div class=\"service-block service-item-v1\">      \r\n      <div class=\"service-images lightGallery\">\r\n                           <div class=\"image-item\">\r\n                     <a href=\"https:\/\/abrilseguros.com\/newsite\/wp-content\/uploads\/2020\/10\/service-13.jpg\" class=\"zoomGallery\" data-rel=\"lightGallery\">\r\n                        <span class=\"icon-expand\"><i class=\"fa fa-expand\"><\/i><\/span>\r\n                        <img src=\"https:\/\/abrilseguros.com\/newsite\/wp-content\/uploads\/2020\/10\/service-13-180x180.jpg\"  class=\"hidden\" alt=\"Beneficios para sus colaboradores\" \/>\r\n                     <\/a>\r\n                     <img width=\"1280\" height=\"853\" src=\"https:\/\/abrilseguros.com\/newsite\/wp-content\/uploads\/2020\/10\/service-13.jpg\" class=\"attachment-oxpitan_medium size-oxpitan_medium\" alt=\"\" loading=\"lazy\" \/>                  <\/div>\r\n                     <\/div>   \r\n      <div class=\"service-content\">\r\n         <div class=\"content-inner\">\r\n            <h3 class=\"title\">\r\n               <a href=\"https:\/\/abrilseguros.com\/newsite\/service\/beneficios-para-sus-colaboradores\/\">Beneficios para sus colaboradores<\/a>\r\n            <\/h3>\r\n            <div class=\"desc\">&#8211; Estructura la seguridad colectiva de tus empleados &#8211; Facilidad de pago a trav\u00e9s deducci\u00f3n de la n\u00f3mina. &#8211; Seguridad<\/div> \r\n            <div class=\"readmore\">\r\n               <a href=\"https:\/\/abrilseguros.com\/newsite\/service\/beneficios-para-sus-colaboradores\/\">Leer M\u00e1s<\/a>\r\n            <\/div>\r\n         <\/div>    \r\n      <\/div>\r\n   <\/div>\r\n<\/div><\/div><div class=\"item-columns\"><div class=\"item\">\r\n   <div class=\"service-block service-item-v1\">      \r\n      <div class=\"service-images lightGallery\">\r\n                           <div class=\"image-item\">\r\n                     <a href=\"https:\/\/abrilseguros.com\/newsite\/wp-content\/uploads\/2020\/10\/service-15.jpg\" class=\"zoomGallery\" data-rel=\"lightGallery\">\r\n                        <span class=\"icon-expand\"><i class=\"fa fa-expand\"><\/i><\/span>\r\n                        <img src=\"https:\/\/abrilseguros.com\/newsite\/wp-content\/uploads\/2020\/10\/service-15-180x180.jpg\"  class=\"hidden\" alt=\"Seguridad para mi compa\u00f1\u00eda\" \/>\r\n                     <\/a>\r\n                     <img width=\"1280\" height=\"853\" src=\"https:\/\/abrilseguros.com\/newsite\/wp-content\/uploads\/2020\/10\/service-15.jpg\" class=\"attachment-oxpitan_medium size-oxpitan_medium\" alt=\"\" loading=\"lazy\" \/>                  <\/div>\r\n                     <\/div>   \r\n      <div class=\"service-content\">\r\n         <div class=\"content-inner\">\r\n            <h3 class=\"title\">\r\n               <a href=\"https:\/\/abrilseguros.com\/newsite\/service\/seguridad-para-mi-compania\/\">Seguridad para mi compa\u00f1\u00eda<\/a>\r\n            <\/h3>\r\n            <div class=\"desc\">Seguros a la medida, seg\u00fan la realidad de tu negocio. Robo cibern\u00e9tico, incendio, da\u00f1os a equipos el\u00e9ctricos. pago por d\u00edas<\/div> \r\n            <div class=\"readmore\">\r\n               <a href=\"https:\/\/abrilseguros.com\/newsite\/service\/seguridad-para-mi-compania\/\">Leer M\u00e1s<\/a>\r\n            <\/div>\r\n         <\/div>    \r\n      <\/div>\r\n   <\/div>\r\n<\/div><\/div>        <\/div>\r\n      <\/div>\r\n        <\/div>\r\n  <\/div>\t\t<\/div>\n\t\t\t\t<\/div>\n\t\t\t\t\t\t<\/div>\n\t\t\t\t\t<\/div>\n\t\t<\/div>\n\t\t\t\t\t\t\t\t<\/div>\n\t\t\t\t\t<\/div>\n\t\t<\/section>\n\t\t\t\t\t\t<\/div>\n\t\t\t\t\t\t<\/div>\n\t\t\t\t\t<\/div>\n\t\t","protected":false},"excerpt":{"rendered":"<p>\u00bfEst\u00e1s seguro que tu seguro cubre los riesgos m\u00ednimos de tu negocio?\u00a0 Consultor\u00eda personalizada para empresas.\u00a0 Identificamos los posibles riesgos de su empresa para que un posible siniestro no afecte su negocio.\u00a0 Clientes de la empresa &#8211; Desarrollamos los productos para sus clientes y te construimos nuevos ingresos. Estructuramos tu programa empresarial Read More Beneficios [&hellip;]<\/p>\n","protected":false},"author":1,"featured_media":0,"parent":0,"menu_order":0,"comment_status":"closed","ping_status":"closed","template":"","meta":[],"_links":{"self":[{"href":"https:\/\/abrilseguros.com\/newsite\/wp-json\/wp\/v2\/pages\/5749"}],"collection":[{"href":"https:\/\/abrilseguros.com\/newsite\/wp-json\/wp\/v2\/pages"}],"about":[{"href":"https:\/\/abrilseguros.com\/newsite\/wp-json\/wp\/v2\/types\/page"}],"author":[{"embeddable":true,"href":"https:\/\/abrilseguros.com\/newsite\/wp-json\/wp\/v2\/users\/1"}],"replies":[{"embeddable":true,"href":"https:\/\/abrilseguros.com\/newsite\/wp-json\/wp\/v2\/comments?post=5749"}],"version-history":[{"count":3,"href":"https:\/\/abrilseguros.com\/newsite\/wp-json\/wp\/v2\/pages\/5749\/revisions"}],"predecessor-version":[{"id":5757,"href":"https:\/\/abrilseguros.com\/newsite\/wp-json\/wp\/v2\/pages\/5749\/revisions\/5757"}],"wp:attachment":[{"href":"https:\/\/abrilseguros.com\/newsite\/wp-json\/wp\/v2\/media?parent=5749"}],"curies":[{"name":"wp","href":"https:\/\/api.w.org\/{rel}","templated":true}]}}