{"id":5758,"date":"2020-10-21T19:55:07","date_gmt":"2020-10-21T19:55:07","guid":{"rendered":"https:\/\/abrilseguros.com\/newsite\/?page_id=5758"},"modified":"2020-10-27T00:33:40","modified_gmt":"2020-10-27T00:33:40","slug":"punto-mas","status":"publish","type":"page","link":"https:\/\/abrilseguros.com\/newsite\/punto-mas\/","title":{"rendered":"Punto m\u00e1s"},"content":{"rendered":"\t\t<div data-elementor-type=\"wp-post\" data-elementor-id=\"5758\" class=\"elementor elementor-5758\" data-elementor-settings=\"[]\">\n\t\t\t\t\t\t<div class=\"elementor-inner\">\n\t\t\t\t\t\t\t<div class=\"elementor-section-wrap\">\n\t\t\t\t\t\t\t<section class=\"elementor-section elementor-top-section elementor-element elementor-element-abdc949 elementor-section-boxed elementor-section-height-default elementor-section-height-default\" data-id=\"abdc949\" data-element_type=\"section\">\n\t\t\t\t\t\t<div class=\"elementor-container elementor-column-gap-default\">\n\t\t\t\t\t\t\t<div class=\"elementor-row\">\n\t\t\t\t\t<div class=\"elementor-column elementor-col-100 elementor-top-column elementor-element elementor-element-ca9cdf5\" data-id=\"ca9cdf5\" data-element_type=\"column\">\n\t\t\t<div class=\"elementor-column-wrap elementor-element-populated\">\n\t\t\t\t\t\t\t<div class=\"elementor-widget-wrap\">\n\t\t\t\t\t\t<div class=\"elementor-element elementor-element-5e3e559 elementor-tabs-view-horizontal elementor-widget elementor-widget-tabs\" data-id=\"5e3e559\" data-element_type=\"widget\" data-widget_type=\"tabs.default\">\n\t\t\t\t<div class=\"elementor-widget-container\">\n\t\t\t\t\t<div class=\"elementor-tabs\" role=\"tablist\">\n\t\t\t<div class=\"elementor-tabs-wrapper\">\n\t\t\t\t\t\t\t\t\t<div id=\"elementor-tab-title-9881\" class=\"elementor-tab-title elementor-tab-desktop-title\" data-tab=\"1\" role=\"tab\" aria-controls=\"elementor-tab-content-9881\"><a href=\"\">Puntos de atenci\u00f3n EFIGAS<\/a><\/div>\n\t\t\t\t\t\t\t\t\t<div id=\"elementor-tab-title-9882\" class=\"elementor-tab-title elementor-tab-desktop-title\" data-tab=\"2\" role=\"tab\" aria-controls=\"elementor-tab-content-9882\"><a href=\"\">Puntos de atenci\u00f3n GASES DEL CARIBE<\/a><\/div>\n\t\t\t\t\t\t\t\t\t<div id=\"elementor-tab-title-9883\" class=\"elementor-tab-title elementor-tab-desktop-title\" data-tab=\"3\" role=\"tab\" aria-controls=\"elementor-tab-content-9883\"><a href=\"\">Puntos de atenci\u00f3n SURTIGAS<\/a><\/div>\n\t\t\t\t\t\t\t<\/div>\n\t\t\t<div class=\"elementor-tabs-content-wrapper\">\n\t\t\t\t\t\t\t\t\t<div class=\"elementor-tab-title elementor-tab-mobile-title\" data-tab=\"1\" role=\"tab\">Puntos de atenci\u00f3n EFIGAS<\/div>\n\t\t\t\t\t<div id=\"elementor-tab-content-9881\" class=\"elementor-tab-content elementor-clearfix\" data-tab=\"1\" role=\"tabpanel\" aria-labelledby=\"elementor-tab-title-9881\"><table dir=\"ltr\" style=\"font-size: 14px;\" border=\"1\" cellspacing=\"0\" cellpadding=\"0\"><colgroup> <col width=\"98\" \/> <col width=\"115\" \/> <col width=\"164\" \/> <col width=\"82\" \/> <col width=\"484\" \/> <col width=\"148\" \/><\/colgroup>\n<tbody>\n<tr style=\"background: #dde7ee; color: #13497c; font-weight: 600; text-align: center;\">\n<td data-sheets-value=\"{\">Departamento<\/td>\n<td data-sheets-value=\"{\">Municipio<\/td>\n<td data-sheets-value=\"{\">Nombre del punto<\/td>\n<td data-sheets-value=\"{\">Tipologia<\/td>\n<td data-sheets-value=\"{\">Direcci\u00f3n<\/td>\n<td data-sheets-value=\"{\">Tel\u00e9fono<\/td>\n<\/tr>\n<tr>\n<td colspan=\"1\" rowspan=\"11\" data-sheets-value=\"{\">\n<div><b>Quindio<\/b><\/div><\/td>\n<td data-sheets-value=\"{\">Montenegro<\/td>\n<td data-sheets-value=\"{\">Internet casa grande<\/td>\n<td data-sheets-value=\"{\">Tecero<\/td>\n<td data-sheets-value=\"{\">CL 16 # 5 &#8211; 13 PARQUE PRINCIPAL ENSEGUIDA DE SERVIENTREGA<\/td>\n<td data-sheets-value=\"{\">3136137078<\/td>\n<\/tr>\n<tr>\n<td data-sheets-value=\"{\">Armenia<\/td>\n<td data-sheets-value=\"{\">Mas Seguros Norte<\/td>\n<td data-sheets-value=\"{\">Tecero<\/td>\n<td data-sheets-value=\"{\">KR 16 # 3NORTE &#8211; 34<\/td>\n<td data-sheets-value=\"{\">7371209<\/td>\n<\/tr>\n<tr>\n<td data-sheets-value=\"{\">Armenia<\/td>\n<td data-sheets-value=\"{\">Fullgas<\/td>\n<td data-sheets-value=\"{\">Tecero<\/td>\n<td data-sheets-value=\"{\">CLL 22 # 19 &#8211; 10 ESTACION DE SERVICIO SAN CAMILO<\/td>\n<td data-sheets-value=\"{\">7413048\/3208118284<\/td>\n<\/tr>\n<tr>\n<td data-sheets-value=\"{\">Armenia<\/td>\n<td data-sheets-value=\"{\">CDA La Pista<\/td>\n<td data-sheets-value=\"{\">Tecero<\/td>\n<td data-sheets-value=\"{\">KM 1 VIA LA TEBAIDA CONTIGUO AL ESTADIO CENTENARIO<\/td>\n<td data-sheets-value=\"{\">7478810 &#8211; 7478843<\/td>\n<\/tr>\n<tr>\n<td data-sheets-value=\"{\">Armenia<\/td>\n<td data-sheets-value=\"{\" data-sheets-textstyleruns=\"{\">Camion Center (D1)<\/td>\n<td data-sheets-value=\"{\">Tecero<\/td>\n<td data-sheets-value=\"{\">Cra. 18 #46-54<\/td>\n<td data-sheets-value=\"{\">3154017855<\/td>\n<\/tr>\n<tr>\n<td data-sheets-value=\"{\">Armenia<\/td>\n<td data-sheets-value=\"{\">Llantas Quindio (D2)<\/td>\n<td data-sheets-value=\"{\">Tecero<\/td>\n<td data-sheets-value=\"{\">Cra. 19 #10-60<\/td>\n<td data-sheets-value=\"{\">3148187153<\/td>\n<\/tr>\n<tr>\n<td data-sheets-value=\"{\">Quimbaya<\/td>\n<td data-sheets-value=\"{\">Llantas Quimbaya (D3)<\/td>\n<td data-sheets-value=\"{\">Tecero<\/td>\n<td data-sheets-value=\"{\">Calle 19 #9-19<\/td>\n<td data-sheets-value=\"{\">3154017861<\/td>\n<\/tr>\n<tr>\n<td data-sheets-value=\"{\">Calarca<\/td>\n<td data-sheets-value=\"{\">Llantas Calarca (D4)<\/td>\n<td data-sheets-value=\"{\">Tecero<\/td>\n<td data-sheets-value=\"{\">Cra. 27 #36-7<\/td>\n<td data-sheets-value=\"{\">3154017858<\/td>\n<\/tr>\n<tr>\n<td data-sheets-value=\"{\">Calarca<\/td>\n<td data-sheets-value=\"{\">Tierra Mia<\/td>\n<td data-sheets-value=\"{\">Tecero<\/td>\n<td data-sheets-value=\"{\">CANAL DE DOMICILIOS<\/td>\n<td><\/td>\n<\/tr>\n<tr>\n<td data-sheets-value=\"{\">Circasia<\/td>\n<td data-sheets-value=\"{\">GTI Circasia<\/td>\n<td data-sheets-value=\"{\">Tecero<\/td>\n<td data-sheets-value=\"{\">KR 15 # 5 &#8211; 33<\/td>\n<td data-sheets-value=\"{\">3148491354<\/td>\n<\/tr>\n<tr>\n<td data-sheets-value=\"{\">Armenia, Calarca\u0301, Tebaida, Montenegro, Circasia, Caimo.<\/td>\n<td data-sheets-value=\"{\">DOMICLIOS<\/td>\n<td><\/td>\n<td data-sheets-value=\"{\">CANAL MOVIL\n\nDiponible tambien atenci\u00f3n por whatsapp<\/td>\n<td data-sheets-value=\"{\">320 5883633<\/td>\n<\/tr>\n<tr>\n<td><\/td>\n<td><\/td>\n<td><\/td>\n<td><\/td>\n<td><\/td>\n<td><\/td>\n<\/tr>\n<tr>\n<td colspan=\"1\" rowspan=\"4\" data-sheets-value=\"{\">\n<div><b>Risaralda<\/b><\/div><\/td>\n<td data-sheets-value=\"{\">Pereira<\/td>\n<td data-sheets-value=\"{\">Abril seguros Alpes<\/td>\n<td data-sheets-value=\"{\">Propio<\/td>\n<td data-sheets-value=\"{\">KR 15 # 12 &#8211; 37 TORRE NUCLEO OFICINA 806<\/td>\n<td data-sheets-value=\"{\">3205883633<\/td>\n<\/tr>\n<tr>\n<td data-sheets-value=\"{\">Pereira<\/td>\n<td data-sheets-value=\"{\">Abril seguros Plazuela<\/td>\n<td data-sheets-value=\"{\">Propio<\/td>\n<td data-sheets-value=\"{\">CARRERA 6 N 18 46 CC PLAZUELA OFI 309A<\/td>\n<td data-sheets-value=\"{\">3135037156<\/td>\n<\/tr>\n<tr>\n<td data-sheets-value=\"{\">Pereira<\/td>\n<td data-sheets-value=\"{\">CDA Diesel full<\/td>\n<td data-sheets-value=\"{\">Tecero<\/td>\n<td data-sheets-value=\"{\">CL 21 KR 11 # 52<\/td>\n<td data-sheets-value=\"{\">3255108\/3164644654<\/td>\n<\/tr>\n<tr>\n<td data-sheets-value=\"{\">Pereira, Dosquebradas<\/td>\n<td data-sheets-value=\"{\">DOMICLIOS<\/td>\n<td><\/td>\n<td data-sheets-value=\"{\">CANAL MOVIL\nDiponible tambien atenci\u00f3n por whatsapp<\/td>\n<td><\/td>\n<\/tr>\n<tr>\n<td><\/td>\n<td><\/td>\n<td><\/td>\n<td><\/td>\n<td><\/td>\n<td><\/td>\n<\/tr>\n<tr>\n<td colspan=\"1\" rowspan=\"6\" data-sheets-value=\"{\">\n<div><b>Caldas<\/b><\/div><\/td>\n<td data-sheets-value=\"{\">Chinchin\u00e1<\/td>\n<td data-sheets-value=\"{\">Digimax<\/td>\n<td data-sheets-value=\"{\">Tecero<\/td>\n<td data-sheets-value=\"{\">KR 7 # 10 &#8211; 54<\/td>\n<td data-sheets-value=\"{\">3128324706<\/td>\n<\/tr>\n<tr>\n<td data-sheets-value=\"{\">Manizales<\/td>\n<td data-sheets-value=\"{\">Naxos<\/td>\n<td data-sheets-value=\"{\">Aliado<\/td>\n<td data-sheets-value=\"{\">CLL 22 # 19 &#8211; 23 FRENTE A TRANSITO<\/td>\n<td data-sheets-value=\"{\">8971123\/3128197762<\/td>\n<\/tr>\n<tr>\n<td data-sheets-value=\"{\">Manizales<\/td>\n<td data-sheets-value=\"{\">DOMICLIOS<\/td>\n<td><\/td>\n<td data-sheets-value=\"{\">CANAL MOVIL\nDiponible tambien atenci\u00f3n por whatsapp<\/td>\n<td data-sheets-value=\"{\">320 5883633<\/td>\n<\/tr>\n<tr>\n<td data-sheets-value=\"{\">Villa Maria<\/td>\n<td data-sheets-value=\"{\">CDA Villa Maria<\/td>\n<td data-sheets-value=\"{\">Tecero<\/td>\n<td data-sheets-value=\"{\">Via Villamaria<\/td>\n<td data-sheets-value=\"{\">3146243068<\/td>\n<\/tr>\n<tr>\n<td data-sheets-value=\"{\">Manizales<\/td>\n<td data-sheets-value=\"{\">Mercaldas<\/td>\n<td data-sheets-value=\"{\">Aliado<\/td>\n<td data-sheets-value=\"{\">Carrera 22 No 17 -11<\/td>\n<td data-sheets-value=\"{\">3206194839<\/td>\n<\/tr>\n<tr>\n<td data-sheets-value=\"{\">Manizales<\/td>\n<td data-sheets-value=\"{\">Hero Riders Moto<\/td>\n<td data-sheets-value=\"{\">Aliado<\/td>\n<td data-sheets-value=\"{\">Carrera 22 No 15 &#8211; 67<\/td>\n<td data-sheets-value=\"{\">3113535928<\/td>\n<\/tr>\n<\/tbody>\n<\/table><\/div>\n\t\t\t\t\t\t\t\t\t<div class=\"elementor-tab-title elementor-tab-mobile-title\" data-tab=\"2\" role=\"tab\">Puntos de atenci\u00f3n GASES DEL CARIBE<\/div>\n\t\t\t\t\t<div id=\"elementor-tab-content-9882\" class=\"elementor-tab-content elementor-clearfix\" data-tab=\"2\" role=\"tabpanel\" aria-labelledby=\"elementor-tab-title-9882\"><table dir=\"ltr\" style=\"font-size: 14px;\" border=\"1\" cellspacing=\"0\" cellpadding=\"0\"><colgroup> <col width=\"98\" \/> <col width=\"115\" \/> <col width=\"262\" \/> <col width=\"82\" \/> <col width=\"463\" \/> <col width=\"194\" \/> <\/colgroup>\n<tbody>\n<tr style=\"background: #dde7ee; color: #13497c; font-weight: 600; text-align: center;\">\n<td data-sheets-value=\"{\">Departamento<\/td>\n<td data-sheets-value=\"{\">Municipio<\/td>\n<td data-sheets-value=\"{\">Nombre del punto<\/td>\n<td data-sheets-value=\"{\">Tipologia<\/td>\n<td data-sheets-value=\"{\">Direcci\u00f3n<\/td>\n<td data-sheets-value=\"{\">Tel\u00e9fono<\/td>\n<\/tr>\n<tr>\n<td colspan=\"1\" rowspan=\"8\" data-sheets-value=\"{\">\n<div><b>ATLANTICO<\/b><\/div><\/td>\n<td data-sheets-value=\"{\">Barranquilla<\/td>\n<td data-sheets-value=\"{\">ARS BARRANQUILLA<\/td>\n<td data-sheets-value=\"{\">Propio<\/td>\n<td data-sheets-value=\"{\">CALLE 74 No. 48 &#8211; 60 PISO 2 LOCAL 6 CENTRO EJECUTIVO 74<\/td>\n<td data-sheets-value=\"{\">3856245 &#8211; 3223077122<\/td>\n<\/tr>\n<tr>\n<td data-sheets-value=\"{\">Soledad<\/td>\n<td data-sheets-value=\"{\">ARS SOLEDAD<\/td>\n<td data-sheets-value=\"{\">Propio<\/td>\n<td data-sheets-value=\"{\">CALLE 45 No. 1 &#8211; 85 PISO 2 LOCAL 208 CC METROCENTRO<\/td>\n<td data-sheets-value=\"{\">3049365 &#8211; 3223077107<\/td>\n<\/tr>\n<tr>\n<td data-sheets-value=\"{\">Barranquilla<\/td>\n<td data-sheets-value=\"{\">CDA MAR Y RIO<\/td>\n<td data-sheets-value=\"{\">Tercero<\/td>\n<td data-sheets-value=\"{\">CALLE 30 No. 22-89<\/td>\n<td data-sheets-value=\"{\">3226789621<\/td>\n<\/tr>\n<tr>\n<td data-sheets-value=\"{\">Barranquilla<\/td>\n<td data-sheets-value=\"{\">CDA DIAGNOSTICAR<\/td>\n<td data-sheets-value=\"{\">Tercero<\/td>\n<td data-sheets-value=\"{\">CARRERA 43 No. 70 &#8211; 168 LOCAL 1<\/td>\n<td data-sheets-value=\"{\">3605750 &#8211; 3165210031<\/td>\n<\/tr>\n<tr>\n<td data-sheets-value=\"{\">Soledad<\/td>\n<td data-sheets-value=\"{\">CDA LOS PRIMOS<\/td>\n<td data-sheets-value=\"{\">Tercero<\/td>\n<td data-sheets-value=\"{\">CALLE 18 No. 28A &#8211; 04 \/ PORVENIR<\/td>\n<td data-sheets-value=\"{\">3175928519 &#8211; 3017152645<\/td>\n<\/tr>\n<tr>\n<td data-sheets-value=\"{\">Soledad<\/td>\n<td data-sheets-value=\"{\">DISTRIBUCIONES GS MULTISERVICIOS<\/td>\n<td data-sheets-value=\"{\">Tercero<\/td>\n<td data-sheets-value=\"{\">CR 33 No 23 A &#8211; 79<\/td>\n<td data-sheets-value=\"{\">3008782180<\/td>\n<\/tr>\n<tr>\n<td data-sheets-value=\"{\">Barranquilla<\/td>\n<td data-sheets-value=\"{\">MALAK EXPRESS<\/td>\n<td data-sheets-value=\"{\">Tercero<\/td>\n<td data-sheets-value=\"{\">CARRERA 72 No. 79 &#8211; 157 LOCAL 202<\/td>\n<td data-sheets-value=\"{\">3015731216<\/td>\n<\/tr>\n<tr>\n<td data-sheets-value=\"{\">Barranquilla<\/td>\n<td data-sheets-value=\"{\">TODO MOTOS<\/td>\n<td data-sheets-value=\"{\">Tercero<\/td>\n<td data-sheets-value=\"{\">CL 110 No 19 &#8211; 45 LO 2 en Barranquilla<\/td>\n<td data-sheets-value=\"{\">3808501<\/td>\n<\/tr>\n<tr>\n<td><\/td>\n<td><\/td>\n<td><\/td>\n<td><\/td>\n<td><\/td>\n<td><\/td>\n<\/tr>\n<tr>\n<td colspan=\"1\" rowspan=\"1\" data-sheets-value=\"{\">\n<div><b>MAGDALENA<\/b><\/div><\/td>\n<td data-sheets-value=\"{\">Santa Marta<\/td>\n<td data-sheets-value=\"{\">CDA TOTALCHECK<\/td>\n<td data-sheets-value=\"{\">Tercero<\/td>\n<td data-sheets-value=\"{\">CALLE 22 No. 8A &#8211; 26<\/td>\n<td data-sheets-value=\"{\">4311110 &#8211; 3015145556<\/td>\n<\/tr>\n<tr>\n<td><\/td>\n<td><\/td>\n<td><\/td>\n<td><\/td>\n<td><\/td>\n<td><\/td>\n<\/tr>\n<tr>\n<td colspan=\"1\" rowspan=\"3\" data-sheets-value=\"{\">\n<div><b>CESAR<\/b><\/div><\/td>\n<td data-sheets-value=\"{\">Valledupar<\/td>\n<td data-sheets-value=\"{\">CDA LA 44<\/td>\n<td data-sheets-value=\"{\">Tercero<\/td>\n<td data-sheets-value=\"{\">CALLE 44 No. 28 -40<\/td>\n<td data-sheets-value=\"{\">3213013200<\/td>\n<\/tr>\n<tr>\n<td data-sheets-value=\"{\">Valledupar<\/td>\n<td data-sheets-value=\"{\">CDA DEL CESAR<\/td>\n<td data-sheets-value=\"{\">Tercero<\/td>\n<td data-sheets-value=\"{\">CALLE 44 No. 23A &#8211; 46<\/td>\n<td data-sheets-value=\"{\">3213067050<\/td>\n<\/tr>\n<tr>\n<td data-sheets-value=\"{\">Valledupar<\/td>\n<td data-sheets-value=\"{\">INNOVA BPO &amp; BUSINESS INTELLIGENCE<\/td>\n<td data-sheets-value=\"{\">Tercero<\/td>\n<td data-sheets-value=\"{\">CALLE 10 No. 17 &#8211; 21<\/td>\n<td data-sheets-value=\"{\">3024664464<\/td>\n<\/tr>\n<\/tbody>\n<\/table><\/div>\n\t\t\t\t\t\t\t\t\t<div class=\"elementor-tab-title elementor-tab-mobile-title\" data-tab=\"3\" role=\"tab\">Puntos de atenci\u00f3n SURTIGAS<\/div>\n\t\t\t\t\t<div id=\"elementor-tab-content-9883\" class=\"elementor-tab-content elementor-clearfix\" data-tab=\"3\" role=\"tabpanel\" aria-labelledby=\"elementor-tab-title-9883\"><table dir=\"ltr\" style=\"font-size: 14px;\" border=\"1\" cellspacing=\"0\" cellpadding=\"0\"><colgroup> <col width=\"98\" \/> <col width=\"166\" \/> <col width=\"172\" \/> <col width=\"82\" \/> <col width=\"484\" \/> <col width=\"208\" \/> <\/colgroup>\n<tbody>\n<tr style=\"background: #dde7ee; color: #13497c; font-weight: 600; text-align: center;\">\n<td data-sheets-value=\"{\">Departamento<\/td>\n<td data-sheets-value=\"{\">Municipio<\/td>\n<td data-sheets-value=\"{\">Nombre del punto<\/td>\n<td data-sheets-value=\"{\">Tipologia<\/td>\n<td data-sheets-value=\"{\">Direcci\u00f3n<\/td>\n<td data-sheets-value=\"{\">Tel\u00e9fono<\/td>\n<\/tr>\n<tr>\n<td colspan=\"1\" rowspan=\"10\" data-sheets-value=\"{\">\n<div><b>CORDOBA<\/b><\/div><\/td>\n<td data-sheets-value=\"{\">Monter\u00eda<\/td>\n<td data-sheets-value=\"{\">Betas Seguros Monteria<\/td>\n<td data-sheets-value=\"{\">Tercero<\/td>\n<td data-sheets-value=\"{\">Carrera 3 No 7 -01 local k122 centro<\/td>\n<td data-sheets-value=\"{\">3217434037<\/td>\n<\/tr>\n<tr>\n<td data-sheets-value=\"{\">Monter\u00eda<\/td>\n<td data-sheets-value=\"{\">CDA San Rafael<\/td>\n<td data-sheets-value=\"{\">Tercero<\/td>\n<td data-sheets-value=\"{\">Segundo anillo vial norte sur, Diagonal al gimnasio campestre<\/td>\n<td data-sheets-value=\"{\">301 3252370<\/td>\n<\/tr>\n<tr>\n<td data-sheets-value=\"{\">Monter\u00eda<\/td>\n<td data-sheets-value=\"{\">Time Parking<\/td>\n<td data-sheets-value=\"{\">Tercero<\/td>\n<td data-sheets-value=\"{\">26 No 3-27<\/td>\n<td data-sheets-value=\"{\">3217434037<\/td>\n<\/tr>\n<tr>\n<td data-sheets-value=\"{\">Monter\u00eda<\/td>\n<td data-sheets-value=\"{\">CDA La Perla del Sin\u00fa<\/td>\n<td data-sheets-value=\"{\">Tercero<\/td>\n<td data-sheets-value=\"{\">Carrera 14 No 15A &#8211; 43<\/td>\n<td data-sheets-value=\"{\">315 502 5388 &#8211; 301 755 7856<\/td>\n<\/tr>\n<tr>\n<td data-sheets-value=\"{\">Monter\u00eda<\/td>\n<td data-sheets-value=\"{\">Betel<\/td>\n<td data-sheets-value=\"{\">Tercero<\/td>\n<td data-sheets-value=\"{\">Centro Comercial Alameda (local<\/td>\n<td data-sheets-value=\"{\">Pd<\/td>\n<\/tr>\n<tr>\n<td data-sheets-value=\"{\">Monter\u00eda<\/td>\n<td data-sheets-value=\"{\">Cell Store<\/td>\n<td data-sheets-value=\"{\">Tercero<\/td>\n<td data-sheets-value=\"{\">Centro comercial Nuestro Isla 1 Local<\/td>\n<td data-sheets-value=\"{\">Pd<\/td>\n<\/tr>\n<tr>\n<td data-sheets-value=\"{\">Monter\u00eda<\/td>\n<td data-sheets-value=\"{\">Cell Store<\/td>\n<td data-sheets-value=\"{\">Tercero<\/td>\n<td data-sheets-value=\"{\">Centro comercial Nuestro Isla 2, Local<\/td>\n<td data-sheets-value=\"{\">Pd<\/td>\n<\/tr>\n<tr>\n<td data-sheets-value=\"{\">Monter\u00eda<\/td>\n<td data-sheets-value=\"{\">Cell Store<\/td>\n<td data-sheets-value=\"{\">Tercero<\/td>\n<td data-sheets-value=\"{\">Centro Comercial Buenavita, Local<\/td>\n<td data-sheets-value=\"{\">Pd<\/td>\n<\/tr>\n<tr>\n<td data-sheets-value=\"{\">Ceretre<\/td>\n<td data-sheets-value=\"{\">R &amp; G seguros<\/td>\n<td data-sheets-value=\"{\">Tercero<\/td>\n<td data-sheets-value=\"{\">Avenida Santander, estaci\u00f3n de servicio el esfuerzo<\/td>\n<td data-sheets-value=\"{\">3015381093<\/td>\n<\/tr>\n<tr>\n<td data-sheets-value=\"{\">Planeta Rica<\/td>\n<td data-sheets-value=\"{\">Mandaos y servicios<\/td>\n<td data-sheets-value=\"{\">Tercero<\/td>\n<td data-sheets-value=\"{\">Carrera 9 # 18 &#8211; 57<\/td>\n<td data-sheets-value=\"{\">3107174838<\/td>\n<\/tr>\n<tr>\n<td><\/td>\n<td><\/td>\n<td><\/td>\n<td><\/td>\n<td><\/td>\n<td><\/td>\n<\/tr>\n<tr>\n<td colspan=\"1\" rowspan=\"2\" data-sheets-value=\"{\">\n<div><b>BOLIVAR<\/b><\/div><\/td>\n<td data-sheets-value=\"{\">Cartagena<\/td>\n<td data-sheets-value=\"{\">CDA Olaya Motos S.A.S<\/td>\n<td data-sheets-value=\"{\">Aliado<\/td>\n<td data-sheets-value=\"{\">Calle 31D N\u00b0 55-97 Sector 11 de noviembre olaya (oficina 001)<\/td>\n<td data-sheets-value=\"{\">3024634534 &#8211; 3002056385<\/td>\n<\/tr>\n<tr>\n<td data-sheets-value=\"{\">Momp\u00f3s<\/td>\n<td data-sheets-value=\"{\">Landabur Polizas y SOAT<\/td>\n<td data-sheets-value=\"{\">Tercero<\/td>\n<td data-sheets-value=\"{\">Carrera 3 19- 95 AP 2 Barrio Centro<\/td>\n<td data-sheets-value=\"{\">3022731234<\/td>\n<\/tr>\n<\/tbody>\n<\/table><\/div>\n\t\t\t\t\t\t\t<\/div>\n\t\t<\/div>\n\t\t\t\t<\/div>\n\t\t\t\t<\/div>\n\t\t\t\t\t\t<\/div>\n\t\t\t\t\t<\/div>\n\t\t<\/div>\n\t\t\t\t\t\t\t\t<\/div>\n\t\t\t\t\t<\/div>\n\t\t<\/section>\n\t\t\t\t\t\t<\/div>\n\t\t\t\t\t\t<\/div>\n\t\t\t\t\t<\/div>\n\t\t","protected":false},"excerpt":{"rendered":"<p>Puntos de atenci\u00f3n EFIGAS Puntos de atenci\u00f3n GASES DEL CARIBE Puntos de atenci\u00f3n SURTIGAS Puntos de atenci\u00f3n EFIGAS Departamento Municipio Nombre del punto Tipologia Direcci\u00f3n Tel\u00e9fono Quindio Montenegro Internet casa grande Tecero CL 16 # 5 &#8211; 13 PARQUE PRINCIPAL ENSEGUIDA DE SERVIENTREGA 3136137078 Armenia Mas Seguros Norte Tecero KR 16 # 3NORTE &#8211; 34 [&hellip;]<\/p>\n","protected":false},"author":1,"featured_media":0,"parent":0,"menu_order":0,"comment_status":"closed","ping_status":"closed","template":"","meta":[],"_links":{"self":[{"href":"https:\/\/abrilseguros.com\/newsite\/wp-json\/wp\/v2\/pages\/5758"}],"collection":[{"href":"https:\/\/abrilseguros.com\/newsite\/wp-json\/wp\/v2\/pages"}],"about":[{"href":"https:\/\/abrilseguros.com\/newsite\/wp-json\/wp\/v2\/types\/page"}],"author":[{"embeddable":true,"href":"https:\/\/abrilseguros.com\/newsite\/wp-json\/wp\/v2\/users\/1"}],"replies":[{"embeddable":true,"href":"https:\/\/abrilseguros.com\/newsite\/wp-json\/wp\/v2\/comments?post=5758"}],"version-history":[{"count":16,"href":"https:\/\/abrilseguros.com\/newsite\/wp-json\/wp\/v2\/pages\/5758\/revisions"}],"predecessor-version":[{"id":5807,"href":"https:\/\/abrilseguros.com\/newsite\/wp-json\/wp\/v2\/pages\/5758\/revisions\/5807"}],"wp:attachment":[{"href":"https:\/\/abrilseguros.com\/newsite\/wp-json\/wp\/v2\/media?parent=5758"}],"curies":[{"name":"wp","href":"https:\/\/api.w.org\/{rel}","templated":true}]}}